{"id":47456,"date":"2023-09-29T07:03:09","date_gmt":"2023-09-29T10:03:09","guid":{"rendered":"https:\/\/easyjur.com\/blog\/?page_id=47456"},"modified":"2026-01-29T10:38:08","modified_gmt":"2026-01-29T13:38:08","slug":"planilha-de-gestao-de-contratos-obrigado","status":"publish","type":"page","link":"https:\/\/easyjur.com\/blog\/planilha-de-gestao-de-contratos-obrigado\/","title":{"rendered":"Planilha de Gest\u00e3o de Contratos Obrigado"},"content":{"rendered":"\t\t<div data-elementor-type=\"wp-page\" data-elementor-id=\"47456\" class=\"elementor elementor-47456\" data-elementor-post-type=\"page\">\n\t\t\t\t<div class=\"elementor-element elementor-element-4360fdc c-box e-flex e-con-boxed e-con e-parent\" data-id=\"4360fdc\" data-element_type=\"container\" data-e-type=\"container\" data-settings=\"{&quot;background_background&quot;:&quot;classic&quot;}\">\n\t\t\t\t\t<div class=\"e-con-inner\">\n\t\t<div class=\"elementor-element elementor-element-36dfe73 e-con-full e-flex e-con e-child\" data-id=\"36dfe73\" data-element_type=\"container\" data-e-type=\"container\">\n\t\t\t\t<div class=\"elementor-element elementor-element-54af4a4 elementor-widget elementor-widget-image\" data-id=\"54af4a4\" data-element_type=\"widget\" data-e-type=\"widget\" data-widget_type=\"image.default\">\n\t\t\t\t\t\t\t\t\t\t\t\t\t\t\t<img decoding=\"async\" src=\"https:\/\/easyjur.com\/blog\/wp-content\/uploads\/elementor\/thumbs\/easyjur-logo-2022-branco2-r6gaimrqmgxovzck34frqwod85i9sg3z9lx4r6iv5k.png\" title=\"easyjur logo 2022 branco2.png\" alt=\"easyjur logo 2022 branco2.png\" loading=\"lazy\" \/>\t\t\t\t\t\t\t\t\t\t\t\t\t\t\t<\/div>\n\t\t\t\t<div class=\"elementor-element elementor-element-04d9aac elementor-widget elementor-widget-heading\" data-id=\"04d9aac\" data-element_type=\"widget\" data-e-type=\"widget\" data-widget_type=\"heading.default\">\n\t\t\t\t\t<h2 class=\"elementor-heading-title elementor-size-default\">Muito Obrigado!<\/h2>\t\t\t\t<\/div>\n\t\t\t\t<div class=\"elementor-element elementor-element-1a13222 elementor-widget elementor-widget-heading\" data-id=\"1a13222\" data-element_type=\"widget\" data-e-type=\"widget\" data-widget_type=\"heading.default\">\n\t\t\t\t\t<p class=\"elementor-heading-title elementor-size-default\">Seu material j\u00e1 est\u00e1 dispon\u00edvel para download no bot\u00e3o abaixo\n<br>\nLembrando que voc\u00ea vai receber um e-mail e poder\u00e1 baixar o material por l\u00e1 tamb\u00e9m!\n<\/p>\t\t\t\t<\/div>\n\t\t\t\t<div class=\"elementor-element elementor-element-9ad06fc elementor-align-center elementor-widget elementor-widget-button\" data-id=\"9ad06fc\" data-element_type=\"widget\" data-e-type=\"widget\" data-widget_type=\"button.default\">\n\t\t\t\t\t\t\t\t\t\t<a class=\"elementor-button elementor-button-link elementor-size-lg\" href=\"https:\/\/easyjur.com\/blog\/wp-content\/uploads\/2023\/10\/Planilha-Gestao-de-Contratos-3.0-2.xlsx\">\n\t\t\t\t\t\t<span class=\"elementor-button-content-wrapper\">\n\t\t\t\t\t\t\t\t\t<span class=\"elementor-button-text\">FA\u00c7A O DOWNLOAD AQUI<\/span>\n\t\t\t\t\t<\/span>\n\t\t\t\t\t<\/a>\n\t\t\t\t\t\t\t\t<\/div>\n\t\t\t\t<\/div>\n\t\t\t\t\t<\/div>\n\t\t\t\t<\/div>\n\t\t<div class=\"elementor-element elementor-element-b159845 e-con-full e-flex e-con e-parent\" data-id=\"b159845\" data-element_type=\"container\" data-e-type=\"container\">\n\t\t\t\t<div class=\"elementor-element elementor-element-d804d23 elementor-widget elementor-widget-shortcode\" data-id=\"d804d23\" data-element_type=\"widget\" data-e-type=\"widget\" data-widget_type=\"shortcode.default\">\n\t\t\t\t\t\t\t<div class=\"elementor-shortcode\"><\/div>\n\t\t\t\t\t\t<\/div>\n\t\t\t\t<\/div>\n\t\t<div class=\"elementor-element elementor-element-ddb7de9 e-flex e-con-boxed e-con e-parent\" data-id=\"ddb7de9\" data-element_type=\"container\" data-e-type=\"container\" data-settings=\"{&quot;background_background&quot;:&quot;classic&quot;}\">\n\t\t\t\t\t<div class=\"e-con-inner\">\n\t\t\t\t<div class=\"elementor-element elementor-element-0df8f9c elementor-widget elementor-widget-image\" data-id=\"0df8f9c\" data-element_type=\"widget\" data-e-type=\"widget\" data-widget_type=\"image.default\">\n\t\t\t\t\t\t\t\t\t\t\t\t\t\t\t<img decoding=\"async\" src=\"https:\/\/easyjur.com\/blog\/wp-content\/uploads\/elementor\/thumbs\/easyjur-logo-2022-branco2-r6gaimrqmgxovzck34frqwod85i9sg3z9lx4r6iv5k.png\" title=\"easyjur logo 2022 branco2.png\" alt=\"easyjur logo 2022 branco2.png\" loading=\"lazy\" \/>\t\t\t\t\t\t\t\t\t\t\t\t\t\t\t<\/div>\n\t\t\t\t\t<\/div>\n\t\t\t\t<\/div>\n\t\t\t\t<\/div>\n\t\t","protected":false},"excerpt":{"rendered":"<p>Muito Obrigado! Seu material j\u00e1 est\u00e1 dispon\u00edvel para download no bot\u00e3o abaixo Lembrando que voc\u00ea vai receber um e-mail e poder\u00e1 baixar o material por l\u00e1 tamb\u00e9m! FA\u00c7A O DOWNLOAD AQUI<\/p>\n","protected":false},"author":23,"featured_media":0,"parent":0,"menu_order":0,"comment_status":"closed","ping_status":"closed","template":"elementor_canvas","meta":{"content-type":"","footnotes":""},"class_list":["post-47456","page","type-page","status-publish","hentry"],"_links":{"self":[{"href":"https:\/\/easyjur.com\/blog\/wp-json\/wp\/v2\/pages\/47456","targetHints":{"allow":["GET"]}}],"collection":[{"href":"https:\/\/easyjur.com\/blog\/wp-json\/wp\/v2\/pages"}],"about":[{"href":"https:\/\/easyjur.com\/blog\/wp-json\/wp\/v2\/types\/page"}],"author":[{"embeddable":true,"href":"https:\/\/easyjur.com\/blog\/wp-json\/wp\/v2\/users\/23"}],"replies":[{"embeddable":true,"href":"https:\/\/easyjur.com\/blog\/wp-json\/wp\/v2\/comments?post=47456"}],"version-history":[{"count":0,"href":"https:\/\/easyjur.com\/blog\/wp-json\/wp\/v2\/pages\/47456\/revisions"}],"wp:attachment":[{"href":"https:\/\/easyjur.com\/blog\/wp-json\/wp\/v2\/media?parent=47456"}],"curies":[{"name":"wp","href":"https:\/\/api.w.org\/{rel}","templated":true}]}}