{"id":47452,"date":"2023-09-29T05:55:59","date_gmt":"2023-09-29T08:55:59","guid":{"rendered":"https:\/\/easyjur.com\/blog\/?page_id=47452"},"modified":"2026-01-28T09:37:43","modified_gmt":"2026-01-28T12:37:43","slug":"controle-e-acompanhamento-de-prazos-processuais-obrigado","status":"publish","type":"page","link":"https:\/\/easyjur.com\/blog\/controle-e-acompanhamento-de-prazos-processuais-obrigado\/","title":{"rendered":"Controle e Acompanhamento de Prazos Processuais Obrigado"},"content":{"rendered":"\t\t<div data-elementor-type=\"wp-page\" data-elementor-id=\"47452\" class=\"elementor elementor-47452\" data-elementor-post-type=\"page\">\n\t\t\t\t<div class=\"elementor-element elementor-element-7d5a37e c-box e-flex e-con-boxed e-con e-parent\" data-id=\"7d5a37e\" data-element_type=\"container\" data-e-type=\"container\" data-settings=\"{&quot;background_background&quot;:&quot;classic&quot;}\">\n\t\t\t\t\t<div class=\"e-con-inner\">\n\t\t<div class=\"elementor-element elementor-element-ae6df5c e-con-full e-flex e-con e-child\" data-id=\"ae6df5c\" data-element_type=\"container\" data-e-type=\"container\">\n\t\t\t\t<div class=\"elementor-element elementor-element-51b9110 elementor-widget elementor-widget-image\" data-id=\"51b9110\" data-element_type=\"widget\" data-e-type=\"widget\" data-widget_type=\"image.default\">\n\t\t\t\t\t\t\t\t\t\t\t\t\t\t\t<img decoding=\"async\" src=\"https:\/\/easyjur.com\/blog\/wp-content\/uploads\/elementor\/thumbs\/easyjur-logo-2022-branco2-r6gaimrqmgxovzck34frqwod85i9sg3z9lx4r6iv5k.png\" title=\"easyjur logo 2022 branco2.png\" alt=\"easyjur logo 2022 branco2.png\" loading=\"lazy\" \/>\t\t\t\t\t\t\t\t\t\t\t\t\t\t\t<\/div>\n\t\t\t\t<div class=\"elementor-element elementor-element-f6c4581 elementor-widget elementor-widget-heading\" data-id=\"f6c4581\" data-element_type=\"widget\" data-e-type=\"widget\" data-widget_type=\"heading.default\">\n\t\t\t\t\t<h2 class=\"elementor-heading-title elementor-size-default\">Muito Obrigado!<\/h2>\t\t\t\t<\/div>\n\t\t\t\t<div class=\"elementor-element elementor-element-0b0a90a elementor-widget elementor-widget-heading\" data-id=\"0b0a90a\" data-element_type=\"widget\" data-e-type=\"widget\" data-widget_type=\"heading.default\">\n\t\t\t\t\t<p class=\"elementor-heading-title elementor-size-default\">Seu material j\u00e1 est\u00e1 dispon\u00edvel para download no bot\u00e3o abaixo\n<br>\nLembrando que voc\u00ea vai receber um e-mail e poder\u00e1 baixar o material por l\u00e1 tamb\u00e9m!\n<\/p>\t\t\t\t<\/div>\n\t\t\t\t<div class=\"elementor-element elementor-element-fae5cc7 elementor-align-center elementor-widget elementor-widget-button\" data-id=\"fae5cc7\" data-element_type=\"widget\" data-e-type=\"widget\" data-widget_type=\"button.default\">\n\t\t\t\t\t\t\t\t\t\t<a class=\"elementor-button elementor-button-link elementor-size-lg\" href=\"https:\/\/easyjur.com\/blog\/wp-content\/uploads\/2023\/10\/Controle_e_Acompanhamento_de_Prazos_Processuais.xlsx\">\n\t\t\t\t\t\t<span class=\"elementor-button-content-wrapper\">\n\t\t\t\t\t\t\t\t\t<span class=\"elementor-button-text\">FA\u00c7A O DOWNLOAD AQUI<\/span>\n\t\t\t\t\t<\/span>\n\t\t\t\t\t<\/a>\n\t\t\t\t\t\t\t\t<\/div>\n\t\t\t\t<\/div>\n\t\t\t\t\t<\/div>\n\t\t\t\t<\/div>\n\t\t<div class=\"elementor-element elementor-element-5101d7a e-con-full e-flex e-con e-parent\" data-id=\"5101d7a\" data-element_type=\"container\" data-e-type=\"container\">\n\t\t\t\t<div class=\"elementor-element elementor-element-5165c4f elementor-widget elementor-widget-shortcode\" data-id=\"5165c4f\" data-element_type=\"widget\" data-e-type=\"widget\" data-widget_type=\"shortcode.default\">\n\t\t\t\t\t\t\t<div class=\"elementor-shortcode\"><\/div>\n\t\t\t\t\t\t<\/div>\n\t\t\t\t<\/div>\n\t\t<div class=\"elementor-element elementor-element-ce8931f e-flex e-con-boxed e-con e-parent\" data-id=\"ce8931f\" data-element_type=\"container\" data-e-type=\"container\" data-settings=\"{&quot;background_background&quot;:&quot;classic&quot;}\">\n\t\t\t\t\t<div class=\"e-con-inner\">\n\t\t\t\t<div class=\"elementor-element elementor-element-37ce913 elementor-widget elementor-widget-image\" data-id=\"37ce913\" data-element_type=\"widget\" data-e-type=\"widget\" data-widget_type=\"image.default\">\n\t\t\t\t\t\t\t\t\t\t\t\t\t\t\t<img decoding=\"async\" src=\"https:\/\/easyjur.com\/blog\/wp-content\/uploads\/elementor\/thumbs\/easyjur-logo-2022-branco2-r6gaimrqmgxovzck34frqwod85i9sg3z9lx4r6iv5k.png\" title=\"easyjur logo 2022 branco2.png\" alt=\"easyjur logo 2022 branco2.png\" loading=\"lazy\" \/>\t\t\t\t\t\t\t\t\t\t\t\t\t\t\t<\/div>\n\t\t\t\t\t<\/div>\n\t\t\t\t<\/div>\n\t\t\t\t<\/div>\n\t\t","protected":false},"excerpt":{"rendered":"<p>Muito Obrigado! Seu material j\u00e1 est\u00e1 dispon\u00edvel para download no bot\u00e3o abaixo Lembrando que voc\u00ea vai receber um e-mail e poder\u00e1 baixar o material por l\u00e1 tamb\u00e9m! FA\u00c7A O DOWNLOAD AQUI<\/p>\n","protected":false},"author":23,"featured_media":0,"parent":0,"menu_order":0,"comment_status":"closed","ping_status":"closed","template":"elementor_canvas","meta":{"content-type":"","footnotes":""},"class_list":["post-47452","page","type-page","status-publish","hentry"],"_links":{"self":[{"href":"https:\/\/easyjur.com\/blog\/wp-json\/wp\/v2\/pages\/47452","targetHints":{"allow":["GET"]}}],"collection":[{"href":"https:\/\/easyjur.com\/blog\/wp-json\/wp\/v2\/pages"}],"about":[{"href":"https:\/\/easyjur.com\/blog\/wp-json\/wp\/v2\/types\/page"}],"author":[{"embeddable":true,"href":"https:\/\/easyjur.com\/blog\/wp-json\/wp\/v2\/users\/23"}],"replies":[{"embeddable":true,"href":"https:\/\/easyjur.com\/blog\/wp-json\/wp\/v2\/comments?post=47452"}],"version-history":[{"count":0,"href":"https:\/\/easyjur.com\/blog\/wp-json\/wp\/v2\/pages\/47452\/revisions"}],"wp:attachment":[{"href":"https:\/\/easyjur.com\/blog\/wp-json\/wp\/v2\/media?parent=47452"}],"curies":[{"name":"wp","href":"https:\/\/api.w.org\/{rel}","templated":true}]}}