{"id":47423,"date":"2023-09-28T15:58:16","date_gmt":"2023-09-28T18:58:16","guid":{"rendered":"https:\/\/easyjur.com\/blog\/?page_id=47423"},"modified":"2026-01-28T09:35:31","modified_gmt":"2026-01-28T12:35:31","slug":"controle-e-acompanhamento-de-prazos-processuais","status":"publish","type":"page","link":"https:\/\/easyjur.com\/blog\/controle-e-acompanhamento-de-prazos-processuais\/","title":{"rendered":"Controle e Acompanhamento de Prazos Processuais"},"content":{"rendered":"\t\t<div data-elementor-type=\"wp-page\" data-elementor-id=\"47423\" class=\"elementor elementor-47423\" data-elementor-post-type=\"page\">\n\t\t\t\t<div class=\"elementor-element elementor-element-37f87e6 c-box e-flex e-con-boxed e-con e-parent\" data-id=\"37f87e6\" data-element_type=\"container\" data-e-type=\"container\" data-settings=\"{&quot;background_background&quot;:&quot;classic&quot;}\">\n\t\t\t\t\t<div class=\"e-con-inner\">\n\t\t<div class=\"elementor-element elementor-element-ead4e9a e-con-full e-flex e-con e-child\" data-id=\"ead4e9a\" data-element_type=\"container\" data-e-type=\"container\">\n\t\t\t\t<div class=\"elementor-element elementor-element-c7b1ce2 elementor-widget elementor-widget-image\" data-id=\"c7b1ce2\" data-element_type=\"widget\" data-e-type=\"widget\" data-widget_type=\"image.default\">\n\t\t\t\t\t\t\t\t\t\t\t\t\t\t\t<img decoding=\"async\" src=\"https:\/\/easyjur.com\/blog\/wp-content\/uploads\/elementor\/thumbs\/easyjur-logo-2022-branco2-r6gaimrqmgxovzck34frqwod85i9sg3z9lx4r6iv5k.png\" title=\"easyjur logo 2022 branco2.png\" alt=\"easyjur logo 2022 branco2.png\" loading=\"lazy\" \/>\t\t\t\t\t\t\t\t\t\t\t\t\t\t\t<\/div>\n\t\t\t\t<div class=\"elementor-element elementor-element-626720f elementor-widget elementor-widget-heading\" data-id=\"626720f\" data-element_type=\"widget\" data-e-type=\"widget\" data-widget_type=\"heading.default\">\n\t\t\t\t\t<h2 class=\"elementor-heading-title elementor-size-default\">Controle e Acompanhamento de Prazos Processuais<\/h2>\t\t\t\t<\/div>\n\t\t\t\t<\/div>\n\t\t\t\t\t<\/div>\n\t\t\t\t<\/div>\n\t\t<div class=\"elementor-element elementor-element-1c19adb c-box e-flex e-con-boxed e-con e-parent\" data-id=\"1c19adb\" data-element_type=\"container\" data-e-type=\"container\">\n\t\t\t\t\t<div class=\"e-con-inner\">\n\t\t<div class=\"elementor-element elementor-element-8ff0eae e-con-full e-flex e-con e-child\" data-id=\"8ff0eae\" data-element_type=\"container\" data-e-type=\"container\" data-settings=\"{&quot;background_background&quot;:&quot;classic&quot;}\">\n\t\t\t\t<div class=\"elementor-element elementor-element-bc85deb elementor-widget elementor-widget-image\" data-id=\"bc85deb\" data-element_type=\"widget\" data-e-type=\"widget\" data-widget_type=\"image.default\">\n\t\t\t\t\t\t\t\t\t\t\t\t\t\t\t<img fetchpriority=\"high\" decoding=\"async\" width=\"726\" height=\"428\" src=\"https:\/\/easyjur.com\/blog\/wp-content\/uploads\/2023\/09\/banner-planilha-lp.jpg\" class=\"attachment-large size-large wp-image-47420\" alt=\"banner planilha lp\" srcset=\"https:\/\/easyjur.com\/blog\/wp-content\/uploads\/2023\/09\/banner-planilha-lp.jpg 726w, https:\/\/easyjur.com\/blog\/wp-content\/uploads\/2023\/09\/banner-planilha-lp-300x177.jpg 300w\" sizes=\"(max-width: 726px) 100vw, 726px\" \/>\t\t\t\t\t\t\t\t\t\t\t\t\t\t\t<\/div>\n\t\t\t\t<div class=\"elementor-element elementor-element-ea83a02 elementor-widget elementor-widget-text-editor\" data-id=\"ea83a02\" data-element_type=\"widget\" data-e-type=\"widget\" data-widget_type=\"text-editor.default\">\n\t\t\t\t\t\t\t\t\t<h3>Prazos Processuais Pr\u00e9- cadastrados<\/h3><p>Os prazos processuais s\u00e3o os grandes vil\u00f5es da advocacia. E cada procedimento possui um prazo pr\u00f3prio. Cadastr\u00e1-los, contudo, pode demandar um tempo significativo.<\/p><p>Assim, reunimos mais de 270 prazos pr\u00e9-cadastrados em uma planilha que permite o preenchimento autom\u00e1tico de datas limite e facilita a vida do advogado.<\/p><p>\u00a0<\/p><h3>Controle de prazos processuais<\/h3><p>Prazos exigem responsabilidade. Por isso \u00e9 importante ter pessoas respons\u00e1veis por processos espec\u00edficos.<\/p><p>Cadastre, ent\u00e3o, os advogados da banca, delegue tarefas e controle os prazos processuais atrav\u00e9s de uma planilha simplificada.<\/p><p>\u00a0<\/p><h3>Acompanhamento de processos judiciais<\/h3><p>Controle as atribui\u00e7\u00f5es, os processos e seus prazos com um planilha de f\u00e1cil compreens\u00e3o.<\/p><p>Desse modo, ser\u00e1 poss\u00edvel realizar o acompanhamento sem dificuldade, otimizar o tempo de produtividade e garantir que nenhum prazo passe despercebido!<\/p>\t\t\t\t\t\t\t\t<\/div>\n\t\t\t\t<\/div>\n\t\t<div class=\"elementor-element elementor-element-b29e524 e-con-full e-flex e-con e-child\" data-id=\"b29e524\" data-element_type=\"container\" data-e-type=\"container\" data-settings=\"{&quot;background_background&quot;:&quot;classic&quot;}\">\n\t\t<div class=\"elementor-element elementor-element-928fe9e e-flex e-con-boxed e-con e-child\" data-id=\"928fe9e\" data-element_type=\"container\" data-e-type=\"container\" data-settings=\"{&quot;background_background&quot;:&quot;classic&quot;}\">\n\t\t\t\t\t<div class=\"e-con-inner\">\n\t\t\t\t<div class=\"elementor-element elementor-element-704e0a8 elementor-widget elementor-widget-heading\" data-id=\"704e0a8\" data-element_type=\"widget\" data-e-type=\"widget\" data-widget_type=\"heading.default\">\n\t\t\t\t\t<h2 class=\"elementor-heading-title elementor-size-default\">Preencha o formul\u00e1rio abaixo para ter acesso a planilha<\/h2>\t\t\t\t<\/div>\n\t\t\t\t\t<\/div>\n\t\t\t\t<\/div>\n\t\t<div class=\"elementor-element elementor-element-4fc5584 e-flex e-con-boxed e-con e-child\" data-id=\"4fc5584\" data-element_type=\"container\" data-e-type=\"container\">\n\t\t\t\t\t<div class=\"e-con-inner\">\n\t\t\t\t<div class=\"elementor-element elementor-element-de9158a elementor-widget elementor-widget-heading\" data-id=\"de9158a\" data-element_type=\"widget\" data-e-type=\"widget\" data-widget_type=\"heading.default\">\n\t\t\t\t\t<h2 class=\"elementor-heading-title elementor-size-default\">Formul\u00e1rio<\/h2>\t\t\t\t<\/div>\n\t\t\t\t\t<\/div>\n\t\t\t\t<\/div>\n\t\t\t\t<\/div>\n\t\t\t\t\t<\/div>\n\t\t\t\t<\/div>\n\t\t<div class=\"elementor-element elementor-element-31a5ead e-flex e-con-boxed e-con e-parent\" data-id=\"31a5ead\" data-element_type=\"container\" data-e-type=\"container\" data-settings=\"{&quot;background_background&quot;:&quot;classic&quot;}\">\n\t\t\t\t\t<div class=\"e-con-inner\">\n\t\t\t\t<div class=\"elementor-element elementor-element-085308d elementor-widget elementor-widget-image\" data-id=\"085308d\" data-element_type=\"widget\" data-e-type=\"widget\" data-widget_type=\"image.default\">\n\t\t\t\t\t\t\t\t\t\t\t\t\t\t\t<img decoding=\"async\" src=\"https:\/\/easyjur.com\/blog\/wp-content\/uploads\/elementor\/thumbs\/easyjur-logo-2022-branco2-r6gaimrqmgxovzck34frqwod85i9sg3z9lx4r6iv5k.png\" title=\"easyjur logo 2022 branco2.png\" alt=\"easyjur logo 2022 branco2.png\" loading=\"lazy\" \/>\t\t\t\t\t\t\t\t\t\t\t\t\t\t\t<\/div>\n\t\t\t\t\t<\/div>\n\t\t\t\t<\/div>\n\t\t\t\t<\/div>\n\t\t","protected":false},"excerpt":{"rendered":"<p>Controle e Acompanhamento de Prazos Processuais Prazos Processuais Pr\u00e9- cadastrados Os prazos processuais s\u00e3o os grandes vil\u00f5es da advocacia. E cada procedimento possui um prazo pr\u00f3prio. Cadastr\u00e1-los, contudo, pode demandar um tempo significativo. Assim, reunimos mais de 270 prazos pr\u00e9-cadastrados em uma planilha que permite o preenchimento autom\u00e1tico de datas limite e facilita a vida [&hellip;]<\/p>\n","protected":false},"author":23,"featured_media":0,"parent":0,"menu_order":0,"comment_status":"closed","ping_status":"closed","template":"elementor_canvas","meta":{"content-type":"","footnotes":""},"class_list":["post-47423","page","type-page","status-publish","hentry"],"_links":{"self":[{"href":"https:\/\/easyjur.com\/blog\/wp-json\/wp\/v2\/pages\/47423","targetHints":{"allow":["GET"]}}],"collection":[{"href":"https:\/\/easyjur.com\/blog\/wp-json\/wp\/v2\/pages"}],"about":[{"href":"https:\/\/easyjur.com\/blog\/wp-json\/wp\/v2\/types\/page"}],"author":[{"embeddable":true,"href":"https:\/\/easyjur.com\/blog\/wp-json\/wp\/v2\/users\/23"}],"replies":[{"embeddable":true,"href":"https:\/\/easyjur.com\/blog\/wp-json\/wp\/v2\/comments?post=47423"}],"version-history":[{"count":0,"href":"https:\/\/easyjur.com\/blog\/wp-json\/wp\/v2\/pages\/47423\/revisions"}],"wp:attachment":[{"href":"https:\/\/easyjur.com\/blog\/wp-json\/wp\/v2\/media?parent=47423"}],"curies":[{"name":"wp","href":"https:\/\/api.w.org\/{rel}","templated":true}]}}