{"id":3991,"date":"2023-06-30T15:31:39","date_gmt":"2023-06-30T18:31:39","guid":{"rendered":"https:\/\/easyjur.com\/blog\/?page_id=3991"},"modified":"2025-05-15T14:22:25","modified_gmt":"2025-05-15T17:22:25","slug":"acessar-cursos-easyjur","status":"publish","type":"page","link":"https:\/\/easyjur.com\/blog\/acessar-cursos-easyjur\/","title":{"rendered":"Acessar Cursos Easyjur"},"content":{"rendered":"\t\t<div data-elementor-type=\"wp-page\" data-elementor-id=\"3991\" class=\"elementor elementor-3991\" data-elementor-post-type=\"page\">\n\t\t\t\t<div class=\"elementor-element elementor-element-fbc96b0 c-box e-flex e-con-boxed e-con e-parent\" data-id=\"fbc96b0\" data-element_type=\"container\" data-e-type=\"container\">\n\t\t\t\t\t<div class=\"e-con-inner\">\n\t\t<div class=\"elementor-element elementor-element-841389f e-con-full e-flex e-con e-child\" data-id=\"841389f\" data-element_type=\"container\" data-e-type=\"container\">\n\t\t\t\t<div class=\"elementor-element elementor-element-1d7a938 elementor-widget elementor-widget-heading\" data-id=\"1d7a938\" data-element_type=\"widget\" data-e-type=\"widget\" data-widget_type=\"heading.default\">\n\t\t\t\t\t<h2 class=\"elementor-heading-title elementor-size-default\">Acesse nossos cursos, palestras e mentorias<\/h2>\t\t\t\t<\/div>\n\t\t\t\t<div class=\"elementor-element elementor-element-637c707 elementor-widget elementor-widget-heading\" data-id=\"637c707\" data-element_type=\"widget\" data-e-type=\"widget\" data-widget_type=\"heading.default\">\n\t\t\t\t\t<p class=\"elementor-heading-title elementor-size-default\">Somos uma LegalTech focada em preparar os profissionais do Direito para a nova realidade do mundo jur\u00eddico!<\/p>\t\t\t\t<\/div>\n\t\t\t\t<div class=\"elementor-element elementor-element-09db828 elementor-widget elementor-widget-image\" data-id=\"09db828\" data-element_type=\"widget\" data-e-type=\"widget\" data-widget_type=\"image.default\">\n\t\t\t\t\t\t\t\t\t\t\t\t\t\t\t<img fetchpriority=\"high\" decoding=\"async\" width=\"800\" height=\"533\" src=\"https:\/\/easyjur.com\/blog\/wp-content\/uploads\/2023\/06\/cursos-easyjur.jpg\" class=\"attachment-large size-large wp-image-3992\" alt=\"cursos easyjur\" srcset=\"https:\/\/easyjur.com\/blog\/wp-content\/uploads\/2023\/06\/cursos-easyjur.jpg 1053w, https:\/\/easyjur.com\/blog\/wp-content\/uploads\/2023\/06\/cursos-easyjur-300x200.jpg 300w, https:\/\/easyjur.com\/blog\/wp-content\/uploads\/2023\/06\/cursos-easyjur-768x512.jpg 768w\" sizes=\"(max-width: 800px) 100vw, 800px\" \/>\t\t\t\t\t\t\t\t\t\t\t\t\t\t\t<\/div>\n\t\t\t\t<div class=\"elementor-element elementor-element-17ad33f elementor-widget elementor-widget-text-editor\" data-id=\"17ad33f\" data-element_type=\"widget\" data-e-type=\"widget\" data-widget_type=\"text-editor.default\">\n\t\t\t\t\t\t\t\t\t<p>Superar os desafios da advocacia, essa \u00e9 nossa MISS\u00c3O! Nosso objetivo \u00e9 proporcionar uma realidade em que advogados possam promover o acesso \u00e0 justi\u00e7a e concentrar suas energias para atender melhor cada vez mais pessoas. Por isso desenvolvemos solu\u00e7\u00f5es inteligentes, que potencializam a capacidade do advogado e aumentam a produtividade do escrit\u00f3rio.<\/p><p>Estamos aqui para solucionar problemas reais para pessoas de verdade. Atendendo-os da melhor forma poss\u00edvel e surpreendendo em tudo que fazemos! Todo problema \u00e9 uma oportunidade para aprendizado e melhora do que fazemos e de quem somos.<\/p>\t\t\t\t\t\t\t\t<\/div>\n\t\t\t\t<\/div>\n\t\t<div class=\"elementor-element elementor-element-728a7d5 e-con-full e-flex e-con e-child\" data-id=\"728a7d5\" data-element_type=\"container\" data-e-type=\"container\" data-settings=\"{&quot;background_background&quot;:&quot;classic&quot;}\">\n\t\t\t\t<div class=\"elementor-element elementor-element-de534de elementor-widget elementor-widget-html\" data-id=\"de534de\" data-element_type=\"widget\" data-e-type=\"widget\" data-widget_type=\"html.default\">\n\t\t\t\t\t<script charset=\"utf-8\" type=\"text\/javascript\" src=\"\/\/js.hsforms.net\/forms\/embed\/v2.js\"><\/script>\r\n<script>\r\n  hbspt.forms.create({\r\n    region: \"na1\",\r\n    portalId: \"44225969\",\r\n    formId: \"85b01721-fe91-4db0-aafa-fa4fa37592c8\"\r\n  });\r\n<\/script>\t\t\t\t<\/div>\n\t\t\t\t<\/div>\n\t\t\t\t\t<\/div>\n\t\t\t\t<\/div>\n\t\t\t\t<\/div>\n\t\t","protected":false},"excerpt":{"rendered":"<p>Acesse nossos cursos, palestras e mentorias Somos uma LegalTech focada em preparar os profissionais do Direito para a nova realidade do mundo jur\u00eddico! Superar os desafios da advocacia, essa \u00e9 nossa MISS\u00c3O! Nosso objetivo \u00e9 proporcionar uma realidade em que advogados possam promover o acesso \u00e0 justi\u00e7a e concentrar suas energias para atender melhor cada [&hellip;]<\/p>\n","protected":false},"author":23,"featured_media":0,"parent":0,"menu_order":0,"comment_status":"closed","ping_status":"closed","template":"","meta":{"content-type":"","footnotes":""},"class_list":["post-3991","page","type-page","status-publish","hentry"],"_links":{"self":[{"href":"https:\/\/easyjur.com\/blog\/wp-json\/wp\/v2\/pages\/3991","targetHints":{"allow":["GET"]}}],"collection":[{"href":"https:\/\/easyjur.com\/blog\/wp-json\/wp\/v2\/pages"}],"about":[{"href":"https:\/\/easyjur.com\/blog\/wp-json\/wp\/v2\/types\/page"}],"author":[{"embeddable":true,"href":"https:\/\/easyjur.com\/blog\/wp-json\/wp\/v2\/users\/23"}],"replies":[{"embeddable":true,"href":"https:\/\/easyjur.com\/blog\/wp-json\/wp\/v2\/comments?post=3991"}],"version-history":[{"count":0,"href":"https:\/\/easyjur.com\/blog\/wp-json\/wp\/v2\/pages\/3991\/revisions"}],"wp:attachment":[{"href":"https:\/\/easyjur.com\/blog\/wp-json\/wp\/v2\/media?parent=3991"}],"curies":[{"name":"wp","href":"https:\/\/api.w.org\/{rel}","templated":true}]}}