{"id":3987,"date":"2023-06-30T15:04:40","date_gmt":"2023-06-30T18:04:40","guid":{"rendered":"https:\/\/easyjur.com\/blog\/?page_id=3987"},"modified":"2024-03-04T22:10:07","modified_gmt":"2024-03-05T01:10:07","slug":"mentoria-gestao-juridica-10x-mais-lucrativa","status":"publish","type":"page","link":"https:\/\/easyjur.com\/blog\/mentoria-gestao-juridica-10x-mais-lucrativa\/","title":{"rendered":"Mentoria Gest\u00e3o Jur\u00eddica 10x Mais Lucrativa"},"content":{"rendered":"\t\t<div data-elementor-type=\"wp-page\" data-elementor-id=\"3987\" class=\"elementor elementor-3987\" data-elementor-post-type=\"page\">\n\t\t\t\t<div class=\"elementor-element elementor-element-fbc96b0 c-box e-flex e-con-boxed e-con e-parent\" data-id=\"fbc96b0\" data-element_type=\"container\" data-e-type=\"container\">\n\t\t\t\t\t<div class=\"e-con-inner\">\n\t\t<div class=\"elementor-element elementor-element-841389f e-con-full e-flex e-con e-child\" data-id=\"841389f\" data-element_type=\"container\" data-e-type=\"container\">\n\t\t\t\t<div class=\"elementor-element elementor-element-1d7a938 elementor-widget elementor-widget-heading\" data-id=\"1d7a938\" data-element_type=\"widget\" data-e-type=\"widget\" data-widget_type=\"heading.default\">\n\t\t\t\t\t<h1 class=\"elementor-heading-title elementor-size-default\">Mentoria Gest\u00e3o Jur\u00eddica 10x Mais Lucrativa<\/h1>\t\t\t\t<\/div>\n\t\t\t\t<div class=\"elementor-element elementor-element-637c707 elementor-widget elementor-widget-heading\" data-id=\"637c707\" data-element_type=\"widget\" data-e-type=\"widget\" data-widget_type=\"heading.default\">\n\t\t\t\t\t<p class=\"elementor-heading-title elementor-size-default\">Metodologia exclusiva e validada por mais de 60.000 advogados e advogadas<\/p>\t\t\t\t<\/div>\n\t\t\t\t<div class=\"elementor-element elementor-element-09db828 elementor-widget elementor-widget-image\" data-id=\"09db828\" data-element_type=\"widget\" data-e-type=\"widget\" data-widget_type=\"image.default\">\n\t\t\t\t\t\t\t\t\t\t\t\t\t\t\t<img fetchpriority=\"high\" decoding=\"async\" width=\"800\" height=\"533\" src=\"https:\/\/easyjur.com\/blog\/wp-content\/uploads\/2023\/06\/mentoria-gestao-juridica-10x-mais-lucrativa.jpg\" class=\"attachment-large size-large wp-image-3990\" alt=\"mentoria gestao juridica 10x mais lucrativa\" srcset=\"https:\/\/easyjur.com\/blog\/wp-content\/uploads\/2023\/06\/mentoria-gestao-juridica-10x-mais-lucrativa.jpg 1053w, https:\/\/easyjur.com\/blog\/wp-content\/uploads\/2023\/06\/mentoria-gestao-juridica-10x-mais-lucrativa-300x200.jpg 300w, https:\/\/easyjur.com\/blog\/wp-content\/uploads\/2023\/06\/mentoria-gestao-juridica-10x-mais-lucrativa-768x512.jpg 768w\" sizes=\"(max-width: 800px) 100vw, 800px\" \/>\t\t\t\t\t\t\t\t\t\t\t\t\t\t\t<\/div>\n\t\t\t\t<div class=\"elementor-element elementor-element-17ad33f elementor-widget elementor-widget-text-editor\" data-id=\"17ad33f\" data-element_type=\"widget\" data-e-type=\"widget\" data-widget_type=\"text-editor.default\">\n\t\t\t\t\t\t\t\t\t<p>Saiba como lucrar 10x mais com a transforma\u00e7\u00e3o digital 4.0 na advocacia, com Vin\u00edcius Marques CEO EasyJur<\/p><p>Existem diversos desafios em gerenciar um neg\u00f3cio e na advocacia n\u00e3o \u00e9 diferente. Al\u00e9m da concorr\u00eancia j\u00e1 conhecida e de clientes mais exigentes, \u00e9 importante considerar o surgimento de novas tecnologias, crises econ\u00f4micas e a escassez de talentos no mercado. Em meio a tudo isso, o l\u00edder ou empres\u00e1rio precisa ter uma vis\u00e3o sist\u00eamica e saber usar diversas ferramentas gerenciais a seu favor.<\/p><p>Essa necessidade ganha contornos ainda maiores hoje, meados da quarta revolu\u00e7\u00e3o industrial, per\u00edodo em que processos est\u00e3o sendo digitalizados e o trabalho automatizado. Pensando nisso, criamos uma mentoria para voc\u00ea. Hoje, vai conhecer mais sobre a advocacia digital 4.0, aprender sobre a metodologia exclusiva para sair da crise e lucrar 10x mais na advocacia!<\/p><p><strong>EasyJur \u00e9 a primeira LegalTech a receber investimento do Black Founders Fund do Google, veja a not\u00edcia no Conjur <a href=\"https:\/\/www.conjur.com.br\/2021-jan-13\/easyjur-primeira-legaltech-al-receber-investimento-google\" target=\"_blank\" rel=\"noopener\">clique aqui<\/a>.<\/strong><\/p>\t\t\t\t\t\t\t\t<\/div>\n\t\t\t\t<\/div>\n\t\t<div class=\"elementor-element elementor-element-728a7d5 e-con-full e-flex e-con e-child\" data-id=\"728a7d5\" data-element_type=\"container\" data-e-type=\"container\" data-settings=\"{&quot;background_background&quot;:&quot;classic&quot;}\">\n\t\t\t\t<div class=\"elementor-element elementor-element-207f74f elementor-widget elementor-widget-html\" data-id=\"207f74f\" data-element_type=\"widget\" data-e-type=\"widget\" data-widget_type=\"html.default\">\n\t\t\t\t\t<script charset=\"utf-8\" type=\"text\/javascript\" src=\"\/\/js.hsforms.net\/forms\/embed\/v2.js\"><\/script>\r\n<script>\r\n  hbspt.forms.create({\r\n    region: \"na1\",\r\n    portalId: \"44225969\",\r\n    formId: \"79740198-c768-40df-a861-590b3584c21f\"\r\n  });\r\n<\/script>\t\t\t\t<\/div>\n\t\t\t\t<\/div>\n\t\t\t\t\t<\/div>\n\t\t\t\t<\/div>\n\t\t\t\t<\/div>\n\t\t","protected":false},"excerpt":{"rendered":"<p>Mentoria Gest\u00e3o Jur\u00eddica 10x Mais Lucrativa Metodologia exclusiva e validada por mais de 60.000 advogados e advogadas Saiba como lucrar 10x mais com a transforma\u00e7\u00e3o digital 4.0 na advocacia, com Vin\u00edcius Marques CEO EasyJur Existem diversos desafios em gerenciar um neg\u00f3cio e na advocacia n\u00e3o \u00e9 diferente. Al\u00e9m da concorr\u00eancia j\u00e1 conhecida e de clientes [&hellip;]<\/p>\n","protected":false},"author":23,"featured_media":0,"parent":0,"menu_order":0,"comment_status":"closed","ping_status":"closed","template":"","meta":{"content-type":"","footnotes":""},"class_list":["post-3987","page","type-page","status-publish","hentry"],"_links":{"self":[{"href":"https:\/\/easyjur.com\/blog\/wp-json\/wp\/v2\/pages\/3987","targetHints":{"allow":["GET"]}}],"collection":[{"href":"https:\/\/easyjur.com\/blog\/wp-json\/wp\/v2\/pages"}],"about":[{"href":"https:\/\/easyjur.com\/blog\/wp-json\/wp\/v2\/types\/page"}],"author":[{"embeddable":true,"href":"https:\/\/easyjur.com\/blog\/wp-json\/wp\/v2\/users\/23"}],"replies":[{"embeddable":true,"href":"https:\/\/easyjur.com\/blog\/wp-json\/wp\/v2\/comments?post=3987"}],"version-history":[{"count":0,"href":"https:\/\/easyjur.com\/blog\/wp-json\/wp\/v2\/pages\/3987\/revisions"}],"wp:attachment":[{"href":"https:\/\/easyjur.com\/blog\/wp-json\/wp\/v2\/media?parent=3987"}],"curies":[{"name":"wp","href":"https:\/\/api.w.org\/{rel}","templated":true}]}}