{"id":3088883,"date":"2024-07-31T00:34:22","date_gmt":"2024-07-31T03:34:22","guid":{"rendered":"https:\/\/easyjur.com\/blog\/?page_id=3088883"},"modified":"2024-07-31T00:37:52","modified_gmt":"2024-07-31T03:37:52","slug":"kit-de-peticoes-imobiliario","status":"publish","type":"page","link":"https:\/\/easyjur.com\/blog\/kit-de-peticoes-imobiliario\/","title":{"rendered":"Kit de peti\u00e7\u00f5es imobili\u00e1rio"},"content":{"rendered":"\t\t<div data-elementor-type=\"wp-page\" data-elementor-id=\"3088883\" class=\"elementor elementor-3088883\" data-elementor-post-type=\"page\">\n\t\t\t\t<div class=\"elementor-element elementor-element-5ba4dfc4 c-box pad-t-3 pad-b-8 e-flex e-con-boxed e-con e-parent\" data-id=\"5ba4dfc4\" data-element_type=\"container\" data-e-type=\"container\" data-settings=\"{&quot;background_background&quot;:&quot;classic&quot;}\">\n\t\t\t\t\t<div class=\"e-con-inner\">\n\t\t\t\t<div class=\"elementor-element elementor-element-7d0ab0c3 elementor-widget elementor-widget-heading\" data-id=\"7d0ab0c3\" data-element_type=\"widget\" data-e-type=\"widget\" data-widget_type=\"heading.default\">\n\t\t\t\t\t<h4 class=\"elementor-heading-title elementor-size-default\">KIt Gratuito<\/h4>\t\t\t\t<\/div>\n\t\t\t\t<div class=\"elementor-element elementor-element-3e8e964d elementor-widget elementor-widget-heading\" data-id=\"3e8e964d\" data-element_type=\"widget\" data-e-type=\"widget\" data-widget_type=\"heading.default\">\n\t\t\t\t\t<h1 class=\"elementor-heading-title elementor-size-default\">Kit de peti\u00e7\u00f5es imobili\u00e1rias<\/h1>\t\t\t\t<\/div>\n\t\t\t\t\t<\/div>\n\t\t\t\t<\/div>\n\t\t<div class=\"elementor-element elementor-element-623bde51 c-box pad-b-6 e-flex e-con-boxed e-con e-parent\" data-id=\"623bde51\" data-element_type=\"container\" data-e-type=\"container\" data-settings=\"{&quot;background_background&quot;:&quot;classic&quot;}\">\n\t\t\t\t\t<div class=\"e-con-inner\">\n\t\t<div class=\"elementor-element elementor-element-7b46957d e-con-full e-flex e-con e-child\" data-id=\"7b46957d\" data-element_type=\"container\" data-e-type=\"container\">\n\t\t\t\t<div class=\"elementor-element elementor-element-1c79f3d8 elementor-widget elementor-widget-image\" data-id=\"1c79f3d8\" data-element_type=\"widget\" data-e-type=\"widget\" data-widget_type=\"image.default\">\n\t\t\t\t\t\t\t\t\t\t\t\t\t\t\t<img fetchpriority=\"high\" decoding=\"async\" width=\"800\" height=\"420\" src=\"https:\/\/easyjur.com\/blog\/wp-content\/uploads\/2024\/07\/imobiliario.webp\" class=\"attachment-large size-large wp-image-3088888\" alt=\"imobiliario\" srcset=\"https:\/\/easyjur.com\/blog\/wp-content\/uploads\/2024\/07\/imobiliario.webp 1200w, https:\/\/easyjur.com\/blog\/wp-content\/uploads\/2024\/07\/imobiliario-300x158.webp 300w, https:\/\/easyjur.com\/blog\/wp-content\/uploads\/2024\/07\/imobiliario-768x403.webp 768w\" sizes=\"(max-width: 800px) 100vw, 800px\" \/>\t\t\t\t\t\t\t\t\t\t\t\t\t\t\t<\/div>\n\t\t\t\t<div class=\"elementor-element elementor-element-38f2e04d elementor-widget elementor-widget-heading\" data-id=\"38f2e04d\" data-element_type=\"widget\" data-e-type=\"widget\" data-widget_type=\"heading.default\">\n\t\t\t\t\t<h2 class=\"elementor-heading-title elementor-size-default\">Fa\u00e7a o download gratuito do kit e tenha acesso a documentos essenciais para a advocacia imobili\u00e1ria!<\/h2>\t\t\t\t<\/div>\n\t\t\t\t<div class=\"elementor-element elementor-element-476aff34 elementor-widget-divider--view-line elementor-widget elementor-widget-divider\" data-id=\"476aff34\" data-element_type=\"widget\" data-e-type=\"widget\" data-widget_type=\"divider.default\">\n\t\t\t\t\t\t\t<div class=\"elementor-divider\">\n\t\t\t<span class=\"elementor-divider-separator\">\n\t\t\t\t\t\t<\/span>\n\t\t<\/div>\n\t\t\t\t\t\t<\/div>\n\t\t\t\t<div class=\"elementor-element elementor-element-24f7459b elementor-widget elementor-widget-text-editor\" data-id=\"24f7459b\" data-element_type=\"widget\" data-e-type=\"widget\" data-widget_type=\"text-editor.default\">\n\t\t\t\t\t\t\t\t\t<p>O setor imobili\u00e1rio cobra de seus processos extrema precis\u00e3o e detalhamento, com detalhes podendo decidir o destino de um im\u00f3vel de uma fam\u00edlia. <br \/><br \/>Como solu\u00e7\u00e3o para garantir que voc\u00ea supere o que \u00e9 exigido pela \u00e1rea, apresentamos nosso Kit Essencial para A\u00e7\u00f5es Imobili\u00e1rias, Esse kit entrega toda a produ\u00e7\u00e3o jur\u00eddica necess\u00e1ria, com documentos alinhados ao novo CPC e prontos para uso. Eleve sua agilidade e precis\u00e3o para um novo n\u00edvel, crie fluxos de produ\u00e7\u00e3o e veja seus resultados decolarem.<\/p>\t\t\t\t\t\t\t\t<\/div>\n\t\t\t\t<\/div>\n\t\t<div class=\"elementor-element elementor-element-54e6a3a6 e-con-full e-flex e-con e-child\" data-id=\"54e6a3a6\" data-element_type=\"container\" data-e-type=\"container\">\n\t\t\t\t<div class=\"elementor-element elementor-element-40da0b46 elementor-widget elementor-widget-heading\" data-id=\"40da0b46\" data-element_type=\"widget\" data-e-type=\"widget\" data-widget_type=\"heading.default\">\n\t\t\t\t\t<h4 class=\"elementor-heading-title elementor-size-default\">Preencha o formul\u00e1rio para fazer o download do kit gratuitamente<\/h4>\t\t\t\t<\/div>\n\t\t<div class=\"elementor-element elementor-element-5fce2820 e-flex e-con-boxed e-con e-child\" data-id=\"5fce2820\" data-element_type=\"container\" data-e-type=\"container\" data-settings=\"{&quot;background_background&quot;:&quot;classic&quot;}\">\n\t\t\t\t\t<div class=\"e-con-inner\">\n\t\t\t\t<div class=\"elementor-element elementor-element-1d542f1b elementor-widget elementor-widget-hubspot-form\" data-id=\"1d542f1b\" data-element_type=\"widget\" data-e-type=\"widget\" data-widget_type=\"hubspot-form.default\">\n\t\t\t\t<div class=\"elementor-widget-container\">\n\t\t\t\t\t\n\t\t\t\t\t\t<script>\n\t\t\t\t\t\t\twindow.hsFormsOnReady = window.hsFormsOnReady || [];\n\t\t\t\t\t\t\twindow.hsFormsOnReady.push(()=>{\n\t\t\t\t\t\t\t\thbspt.forms.create({\n\t\t\t\t\t\t\t\t\tportalId: 44225969,\n\t\t\t\t\t\t\t\t\tformId: \"993c3608-e576-456c-9c28-c1106edc718b\",\n\t\t\t\t\t\t\t\t\ttarget: \"#hbspt-form-1778624313000-0147228716\",\n\t\t\t\t\t\t\t\t\tregion: \"na1\",\n\t\t\t\t\t\t\t\t\t\n\t\t\t\t\t\t\t})});\n\t\t\t\t\t\t<\/script>\n\t\t\t\t\t\t<div class=\"hbspt-form\" id=\"hbspt-form-1778624313000-0147228716\"><\/div>\t\t\t\t<\/div>\n\t\t\t\t<\/div>\n\t\t\t\t\t<\/div>\n\t\t\t\t<\/div>\n\t\t\t\t<\/div>\n\t\t\t\t\t<\/div>\n\t\t\t\t<\/div>\n\t\t\t\t<\/div>\n\t\t","protected":false},"excerpt":{"rendered":"<p>KIt Gratuito Kit de peti\u00e7\u00f5es imobili\u00e1rias Fa\u00e7a o download gratuito do kit e tenha acesso a documentos essenciais para a advocacia imobili\u00e1ria! O setor imobili\u00e1rio cobra de seus processos extrema precis\u00e3o e detalhamento, com detalhes podendo decidir o destino de um im\u00f3vel de uma fam\u00edlia. Como solu\u00e7\u00e3o para garantir que voc\u00ea supere o que \u00e9 [&hellip;]<\/p>\n","protected":false},"author":35,"featured_media":0,"parent":0,"menu_order":0,"comment_status":"closed","ping_status":"closed","template":"","meta":{"content-type":"","footnotes":""},"class_list":["post-3088883","page","type-page","status-publish","hentry"],"_links":{"self":[{"href":"https:\/\/easyjur.com\/blog\/wp-json\/wp\/v2\/pages\/3088883","targetHints":{"allow":["GET"]}}],"collection":[{"href":"https:\/\/easyjur.com\/blog\/wp-json\/wp\/v2\/pages"}],"about":[{"href":"https:\/\/easyjur.com\/blog\/wp-json\/wp\/v2\/types\/page"}],"author":[{"embeddable":true,"href":"https:\/\/easyjur.com\/blog\/wp-json\/wp\/v2\/users\/35"}],"replies":[{"embeddable":true,"href":"https:\/\/easyjur.com\/blog\/wp-json\/wp\/v2\/comments?post=3088883"}],"version-history":[{"count":0,"href":"https:\/\/easyjur.com\/blog\/wp-json\/wp\/v2\/pages\/3088883\/revisions"}],"wp:attachment":[{"href":"https:\/\/easyjur.com\/blog\/wp-json\/wp\/v2\/media?parent=3088883"}],"curies":[{"name":"wp","href":"https:\/\/api.w.org\/{rel}","templated":true}]}}