{"id":3088874,"date":"2024-07-31T00:28:49","date_gmt":"2024-07-31T03:28:49","guid":{"rendered":"https:\/\/easyjur.com\/blog\/?page_id=3088874"},"modified":"2024-07-31T00:33:08","modified_gmt":"2024-07-31T03:33:08","slug":"kit-de-peticoes-de-familia-e-sucessao","status":"publish","type":"page","link":"https:\/\/easyjur.com\/blog\/kit-de-peticoes-de-familia-e-sucessao\/","title":{"rendered":"Kit de peti\u00e7\u00f5es de fam\u00edlia e sucess\u00e3o"},"content":{"rendered":"\t\t<div data-elementor-type=\"wp-page\" data-elementor-id=\"3088874\" class=\"elementor elementor-3088874\" data-elementor-post-type=\"page\">\n\t\t\t\t<div class=\"elementor-element elementor-element-6cc239fb c-box pad-t-3 pad-b-8 e-flex e-con-boxed e-con e-parent\" data-id=\"6cc239fb\" data-element_type=\"container\" data-e-type=\"container\" data-settings=\"{&quot;background_background&quot;:&quot;classic&quot;}\">\n\t\t\t\t\t<div class=\"e-con-inner\">\n\t\t\t\t<div class=\"elementor-element elementor-element-1578fb10 elementor-widget elementor-widget-heading\" data-id=\"1578fb10\" data-element_type=\"widget\" data-e-type=\"widget\" data-widget_type=\"heading.default\">\n\t\t\t\t\t<h4 class=\"elementor-heading-title elementor-size-default\">KIt Gratuito<\/h4>\t\t\t\t<\/div>\n\t\t\t\t<div class=\"elementor-element elementor-element-25eadb60 elementor-widget elementor-widget-heading\" data-id=\"25eadb60\" data-element_type=\"widget\" data-e-type=\"widget\" data-widget_type=\"heading.default\">\n\t\t\t\t\t<h1 class=\"elementor-heading-title elementor-size-default\">Kit de peti\u00e7\u00f5es de fam\u00edlia e sucess\u00e3o<\/h1>\t\t\t\t<\/div>\n\t\t\t\t\t<\/div>\n\t\t\t\t<\/div>\n\t\t<div class=\"elementor-element elementor-element-54fbeb52 c-box pad-b-6 e-flex e-con-boxed e-con e-parent\" data-id=\"54fbeb52\" data-element_type=\"container\" data-e-type=\"container\" data-settings=\"{&quot;background_background&quot;:&quot;classic&quot;}\">\n\t\t\t\t\t<div class=\"e-con-inner\">\n\t\t<div class=\"elementor-element elementor-element-34f40195 e-con-full e-flex e-con e-child\" data-id=\"34f40195\" data-element_type=\"container\" data-e-type=\"container\">\n\t\t\t\t<div class=\"elementor-element elementor-element-7437a9b6 elementor-widget elementor-widget-image\" data-id=\"7437a9b6\" data-element_type=\"widget\" data-e-type=\"widget\" data-widget_type=\"image.default\">\n\t\t\t\t\t\t\t\t\t\t\t\t\t\t\t<img fetchpriority=\"high\" decoding=\"async\" width=\"800\" height=\"420\" src=\"https:\/\/easyjur.com\/blog\/wp-content\/uploads\/2024\/07\/familia-e-sucessao-1.webp\" class=\"attachment-large size-large wp-image-3088879\" alt=\"fam\u00edlia e sucess\u00e3o\" srcset=\"https:\/\/easyjur.com\/blog\/wp-content\/uploads\/2024\/07\/familia-e-sucessao-1.webp 1200w, https:\/\/easyjur.com\/blog\/wp-content\/uploads\/2024\/07\/familia-e-sucessao-1-300x158.webp 300w, https:\/\/easyjur.com\/blog\/wp-content\/uploads\/2024\/07\/familia-e-sucessao-1-768x403.webp 768w\" sizes=\"(max-width: 800px) 100vw, 800px\" \/>\t\t\t\t\t\t\t\t\t\t\t\t\t\t\t<\/div>\n\t\t\t\t<div class=\"elementor-element elementor-element-63ec74e8 elementor-widget elementor-widget-heading\" data-id=\"63ec74e8\" data-element_type=\"widget\" data-e-type=\"widget\" data-widget_type=\"heading.default\">\n\t\t\t\t\t<h2 class=\"elementor-heading-title elementor-size-default\">Fa\u00e7a o download gratuito do kit e tenha acesso a documentos essenciais para a advocacia familiar e sucess\u00f3ria!<\/h2>\t\t\t\t<\/div>\n\t\t\t\t<div class=\"elementor-element elementor-element-71f381a4 elementor-widget-divider--view-line elementor-widget elementor-widget-divider\" data-id=\"71f381a4\" data-element_type=\"widget\" data-e-type=\"widget\" data-widget_type=\"divider.default\">\n\t\t\t\t\t\t\t<div class=\"elementor-divider\">\n\t\t\t<span class=\"elementor-divider-separator\">\n\t\t\t\t\t\t<\/span>\n\t\t<\/div>\n\t\t\t\t\t\t<\/div>\n\t\t\t\t<div class=\"elementor-element elementor-element-53122859 elementor-widget elementor-widget-text-editor\" data-id=\"53122859\" data-element_type=\"widget\" data-e-type=\"widget\" data-widget_type=\"text-editor.default\">\n\t\t\t\t\t\t\t\t\t<p>Advogado, a oportunidade para voc\u00ea garantir a excel\u00eancia em suas peti\u00e7\u00f5es, e aumentar a efici\u00eancia de seus processos chegou. Preparamos para voc\u00ea um kit com 16 modelos prontos de peti\u00e7\u00f5es essenciais para a\u00e7\u00f5es de Fam\u00edlia e Sucess\u00e3o. <br \/><br \/>Utilizando os nossos modelos voc\u00ea consegue aumentar a velocidade da sua produ\u00e7\u00e3o, elevando ainda mais a qualidade das suas pe\u00e7as, gerando uma maior economia de tempo e disponibilidade para atuar em outras \u00e1reas do seu escrit\u00f3rio.<\/p>\t\t\t\t\t\t\t\t<\/div>\n\t\t\t\t<\/div>\n\t\t<div class=\"elementor-element elementor-element-3cd45c27 e-con-full e-flex e-con e-child\" data-id=\"3cd45c27\" data-element_type=\"container\" data-e-type=\"container\">\n\t\t\t\t<div class=\"elementor-element elementor-element-4eed394a elementor-widget elementor-widget-heading\" data-id=\"4eed394a\" data-element_type=\"widget\" data-e-type=\"widget\" data-widget_type=\"heading.default\">\n\t\t\t\t\t<h4 class=\"elementor-heading-title elementor-size-default\">Preencha o formul\u00e1rio para fazer o download do kit gratuitamente<\/h4>\t\t\t\t<\/div>\n\t\t<div class=\"elementor-element elementor-element-7c0f4000 e-flex e-con-boxed e-con e-child\" data-id=\"7c0f4000\" data-element_type=\"container\" data-e-type=\"container\" data-settings=\"{&quot;background_background&quot;:&quot;classic&quot;}\">\n\t\t\t\t\t<div class=\"e-con-inner\">\n\t\t\t\t<div class=\"elementor-element elementor-element-64a69a1b elementor-widget elementor-widget-hubspot-form\" data-id=\"64a69a1b\" data-element_type=\"widget\" data-e-type=\"widget\" data-widget_type=\"hubspot-form.default\">\n\t\t\t\t<div class=\"elementor-widget-container\">\n\t\t\t\t\t\n\t\t\t\t\t\t<script>\n\t\t\t\t\t\t\twindow.hsFormsOnReady = window.hsFormsOnReady || [];\n\t\t\t\t\t\t\twindow.hsFormsOnReady.push(()=>{\n\t\t\t\t\t\t\t\thbspt.forms.create({\n\t\t\t\t\t\t\t\t\tportalId: 44225969,\n\t\t\t\t\t\t\t\t\tformId: \"e6632df8-48f6-4671-aaa8-fe8ec3e42e88\",\n\t\t\t\t\t\t\t\t\ttarget: \"#hbspt-form-1776492948000-0430736694\",\n\t\t\t\t\t\t\t\t\tregion: \"na1\",\n\t\t\t\t\t\t\t\t\t\n\t\t\t\t\t\t\t})});\n\t\t\t\t\t\t<\/script>\n\t\t\t\t\t\t<div class=\"hbspt-form\" id=\"hbspt-form-1776492948000-0430736694\"><\/div>\t\t\t\t<\/div>\n\t\t\t\t<\/div>\n\t\t\t\t\t<\/div>\n\t\t\t\t<\/div>\n\t\t\t\t<\/div>\n\t\t\t\t\t<\/div>\n\t\t\t\t<\/div>\n\t\t\t\t<\/div>\n\t\t","protected":false},"excerpt":{"rendered":"<p>KIt Gratuito Kit de peti\u00e7\u00f5es de fam\u00edlia e sucess\u00e3o Fa\u00e7a o download gratuito do kit e tenha acesso a documentos essenciais para a advocacia familiar e sucess\u00f3ria! Advogado, a oportunidade para voc\u00ea garantir a excel\u00eancia em suas peti\u00e7\u00f5es, e aumentar a efici\u00eancia de seus processos chegou. Preparamos para voc\u00ea um kit com 16 modelos prontos [&hellip;]<\/p>\n","protected":false},"author":35,"featured_media":0,"parent":0,"menu_order":0,"comment_status":"closed","ping_status":"closed","template":"","meta":{"content-type":"","footnotes":""},"class_list":["post-3088874","page","type-page","status-publish","hentry"],"_links":{"self":[{"href":"https:\/\/easyjur.com\/blog\/wp-json\/wp\/v2\/pages\/3088874","targetHints":{"allow":["GET"]}}],"collection":[{"href":"https:\/\/easyjur.com\/blog\/wp-json\/wp\/v2\/pages"}],"about":[{"href":"https:\/\/easyjur.com\/blog\/wp-json\/wp\/v2\/types\/page"}],"author":[{"embeddable":true,"href":"https:\/\/easyjur.com\/blog\/wp-json\/wp\/v2\/users\/35"}],"replies":[{"embeddable":true,"href":"https:\/\/easyjur.com\/blog\/wp-json\/wp\/v2\/comments?post=3088874"}],"version-history":[{"count":0,"href":"https:\/\/easyjur.com\/blog\/wp-json\/wp\/v2\/pages\/3088874\/revisions"}],"wp:attachment":[{"href":"https:\/\/easyjur.com\/blog\/wp-json\/wp\/v2\/media?parent=3088874"}],"curies":[{"name":"wp","href":"https:\/\/api.w.org\/{rel}","templated":true}]}}