{"id":3088865,"date":"2024-07-31T00:21:58","date_gmt":"2024-07-31T03:21:58","guid":{"rendered":"https:\/\/easyjur.com\/blog\/?page_id=3088865"},"modified":"2024-07-31T00:26:15","modified_gmt":"2024-07-31T03:26:15","slug":"kit-de-peticoes-empresarial-e-societario","status":"publish","type":"page","link":"https:\/\/easyjur.com\/blog\/kit-de-peticoes-empresarial-e-societario\/","title":{"rendered":"Kit de peti\u00e7\u00f5es empresarial e societ\u00e1rio"},"content":{"rendered":"\t\t<div data-elementor-type=\"wp-page\" data-elementor-id=\"3088865\" class=\"elementor elementor-3088865\" data-elementor-post-type=\"page\">\n\t\t\t\t<div class=\"elementor-element elementor-element-5010bc1c c-box pad-t-3 pad-b-8 e-flex e-con-boxed e-con e-parent\" data-id=\"5010bc1c\" data-element_type=\"container\" data-e-type=\"container\" data-settings=\"{&quot;background_background&quot;:&quot;classic&quot;}\">\n\t\t\t\t\t<div class=\"e-con-inner\">\n\t\t\t\t<div class=\"elementor-element elementor-element-24e08b0 elementor-widget elementor-widget-heading\" data-id=\"24e08b0\" data-element_type=\"widget\" data-e-type=\"widget\" data-widget_type=\"heading.default\">\n\t\t\t\t\t<h4 class=\"elementor-heading-title elementor-size-default\">KIt Gratuito<\/h4>\t\t\t\t<\/div>\n\t\t\t\t<div class=\"elementor-element elementor-element-3e0e28ca elementor-widget elementor-widget-heading\" data-id=\"3e0e28ca\" data-element_type=\"widget\" data-e-type=\"widget\" data-widget_type=\"heading.default\">\n\t\t\t\t\t<h1 class=\"elementor-heading-title elementor-size-default\">Kit de peti\u00e7\u00f5es empresarial e societ\u00e1rio<\/h1>\t\t\t\t<\/div>\n\t\t\t\t\t<\/div>\n\t\t\t\t<\/div>\n\t\t<div class=\"elementor-element elementor-element-67fe4071 c-box pad-b-6 e-flex e-con-boxed e-con e-parent\" data-id=\"67fe4071\" data-element_type=\"container\" data-e-type=\"container\" data-settings=\"{&quot;background_background&quot;:&quot;classic&quot;}\">\n\t\t\t\t\t<div class=\"e-con-inner\">\n\t\t<div class=\"elementor-element elementor-element-73f1e7e1 e-con-full e-flex e-con e-child\" data-id=\"73f1e7e1\" data-element_type=\"container\" data-e-type=\"container\">\n\t\t\t\t<div class=\"elementor-element elementor-element-7f4e1cad elementor-widget elementor-widget-image\" data-id=\"7f4e1cad\" data-element_type=\"widget\" data-e-type=\"widget\" data-widget_type=\"image.default\">\n\t\t\t\t\t\t\t\t\t\t\t\t\t\t\t<img fetchpriority=\"high\" decoding=\"async\" width=\"800\" height=\"420\" src=\"https:\/\/easyjur.com\/blog\/wp-content\/uploads\/2024\/07\/empresarial-e-societario-1.webp\" class=\"attachment-large size-large wp-image-3088870\" alt=\"empresarial e societ\u00e1rio\" srcset=\"https:\/\/easyjur.com\/blog\/wp-content\/uploads\/2024\/07\/empresarial-e-societario-1.webp 1200w, https:\/\/easyjur.com\/blog\/wp-content\/uploads\/2024\/07\/empresarial-e-societario-1-300x158.webp 300w, https:\/\/easyjur.com\/blog\/wp-content\/uploads\/2024\/07\/empresarial-e-societario-1-768x403.webp 768w\" sizes=\"(max-width: 800px) 100vw, 800px\" \/>\t\t\t\t\t\t\t\t\t\t\t\t\t\t\t<\/div>\n\t\t\t\t<div class=\"elementor-element elementor-element-254a9028 elementor-widget elementor-widget-heading\" data-id=\"254a9028\" data-element_type=\"widget\" data-e-type=\"widget\" data-widget_type=\"heading.default\">\n\t\t\t\t\t<h2 class=\"elementor-heading-title elementor-size-default\">Fa\u00e7a o download gratuito do kit e tenha acesso a documentos essenciais para a advocacia empresarial e societ\u00e1rio!<\/h2>\t\t\t\t<\/div>\n\t\t\t\t<div class=\"elementor-element elementor-element-6a64ae56 elementor-widget-divider--view-line elementor-widget elementor-widget-divider\" data-id=\"6a64ae56\" data-element_type=\"widget\" data-e-type=\"widget\" data-widget_type=\"divider.default\">\n\t\t\t\t\t\t\t<div class=\"elementor-divider\">\n\t\t\t<span class=\"elementor-divider-separator\">\n\t\t\t\t\t\t<\/span>\n\t\t<\/div>\n\t\t\t\t\t\t<\/div>\n\t\t\t\t<div class=\"elementor-element elementor-element-457127a4 elementor-widget elementor-widget-text-editor\" data-id=\"457127a4\" data-element_type=\"widget\" data-e-type=\"widget\" data-widget_type=\"text-editor.default\">\n\t\t\t\t\t\t\t\t\t<p>O setor empresarial e societ\u00e1rio necessita de documentos precisos e bem fundamentados. Nesse kit de modelos de peti\u00e7\u00f5es empresariais e societ\u00e1rios oferecemos modelos detalhados, prontos para uso, fazendo com que voc\u00ea reduza seu tempo de reda\u00e7\u00e3o, e foque em outras \u00e1reas do seu escrit\u00f3rio. Elaboramos cada modelo para atender algumas das necessidades que o direito empresarial possui, entregando apoio jur\u00eddico de qualidade.<\/p>\t\t\t\t\t\t\t\t<\/div>\n\t\t\t\t<\/div>\n\t\t<div class=\"elementor-element elementor-element-7d1cb196 e-con-full e-flex e-con e-child\" data-id=\"7d1cb196\" data-element_type=\"container\" data-e-type=\"container\">\n\t\t\t\t<div class=\"elementor-element elementor-element-2dd526d3 elementor-widget elementor-widget-heading\" data-id=\"2dd526d3\" data-element_type=\"widget\" data-e-type=\"widget\" data-widget_type=\"heading.default\">\n\t\t\t\t\t<h4 class=\"elementor-heading-title elementor-size-default\">Preencha o formul\u00e1rio para fazer o download do kit gratuitamente<\/h4>\t\t\t\t<\/div>\n\t\t<div class=\"elementor-element elementor-element-1640fdbc e-flex e-con-boxed e-con e-child\" data-id=\"1640fdbc\" data-element_type=\"container\" data-e-type=\"container\" data-settings=\"{&quot;background_background&quot;:&quot;classic&quot;}\">\n\t\t\t\t\t<div class=\"e-con-inner\">\n\t\t\t\t<div class=\"elementor-element elementor-element-a984245 elementor-widget elementor-widget-hubspot-form\" data-id=\"a984245\" data-element_type=\"widget\" data-e-type=\"widget\" data-widget_type=\"hubspot-form.default\">\n\t\t\t\t<div class=\"elementor-widget-container\">\n\t\t\t\t\t\n\t\t\t\t\t\t<script>\n\t\t\t\t\t\t\twindow.hsFormsOnReady = window.hsFormsOnReady || [];\n\t\t\t\t\t\t\twindow.hsFormsOnReady.push(()=>{\n\t\t\t\t\t\t\t\thbspt.forms.create({\n\t\t\t\t\t\t\t\t\tportalId: 44225969,\n\t\t\t\t\t\t\t\t\tformId: \"998a0872-9cc0-4230-bea9-eb351551c560\",\n\t\t\t\t\t\t\t\t\ttarget: \"#hbspt-form-1775900931000-0003880184\",\n\t\t\t\t\t\t\t\t\tregion: \"na1\",\n\t\t\t\t\t\t\t\t\t\n\t\t\t\t\t\t\t})});\n\t\t\t\t\t\t<\/script>\n\t\t\t\t\t\t<div class=\"hbspt-form\" id=\"hbspt-form-1775900931000-0003880184\"><\/div>\t\t\t\t<\/div>\n\t\t\t\t<\/div>\n\t\t\t\t\t<\/div>\n\t\t\t\t<\/div>\n\t\t\t\t<\/div>\n\t\t\t\t\t<\/div>\n\t\t\t\t<\/div>\n\t\t\t\t<\/div>\n\t\t","protected":false},"excerpt":{"rendered":"<p>KIt Gratuito Kit de peti\u00e7\u00f5es empresarial e societ\u00e1rio Fa\u00e7a o download gratuito do kit e tenha acesso a documentos essenciais para a advocacia empresarial e societ\u00e1rio! O setor empresarial e societ\u00e1rio necessita de documentos precisos e bem fundamentados. Nesse kit de modelos de peti\u00e7\u00f5es empresariais e societ\u00e1rios oferecemos modelos detalhados, prontos para uso, fazendo com [&hellip;]<\/p>\n","protected":false},"author":35,"featured_media":0,"parent":0,"menu_order":0,"comment_status":"closed","ping_status":"closed","template":"","meta":{"content-type":"","footnotes":""},"class_list":["post-3088865","page","type-page","status-publish","hentry"],"_links":{"self":[{"href":"https:\/\/easyjur.com\/blog\/wp-json\/wp\/v2\/pages\/3088865","targetHints":{"allow":["GET"]}}],"collection":[{"href":"https:\/\/easyjur.com\/blog\/wp-json\/wp\/v2\/pages"}],"about":[{"href":"https:\/\/easyjur.com\/blog\/wp-json\/wp\/v2\/types\/page"}],"author":[{"embeddable":true,"href":"https:\/\/easyjur.com\/blog\/wp-json\/wp\/v2\/users\/35"}],"replies":[{"embeddable":true,"href":"https:\/\/easyjur.com\/blog\/wp-json\/wp\/v2\/comments?post=3088865"}],"version-history":[{"count":0,"href":"https:\/\/easyjur.com\/blog\/wp-json\/wp\/v2\/pages\/3088865\/revisions"}],"wp:attachment":[{"href":"https:\/\/easyjur.com\/blog\/wp-json\/wp\/v2\/media?parent=3088865"}],"curies":[{"name":"wp","href":"https:\/\/api.w.org\/{rel}","templated":true}]}}