{"id":3088801,"date":"2024-07-30T23:34:58","date_gmt":"2024-07-31T02:34:58","guid":{"rendered":"https:\/\/easyjur.com\/blog\/?page_id=3088801"},"modified":"2024-07-30T23:39:14","modified_gmt":"2024-07-31T02:39:14","slug":"kit-de-peticoes-bancario","status":"publish","type":"page","link":"https:\/\/easyjur.com\/blog\/kit-de-peticoes-bancario\/","title":{"rendered":"Kit de peti\u00e7\u00f5es banc\u00e1rio"},"content":{"rendered":"\t\t<div data-elementor-type=\"wp-page\" data-elementor-id=\"3088801\" class=\"elementor elementor-3088801\" data-elementor-post-type=\"page\">\n\t\t\t\t<div class=\"elementor-element elementor-element-38482e2d c-box pad-t-3 pad-b-8 e-flex e-con-boxed e-con e-parent\" data-id=\"38482e2d\" data-element_type=\"container\" data-e-type=\"container\" data-settings=\"{&quot;background_background&quot;:&quot;classic&quot;}\">\n\t\t\t\t\t<div class=\"e-con-inner\">\n\t\t\t\t<div class=\"elementor-element elementor-element-149e240d elementor-widget elementor-widget-heading\" data-id=\"149e240d\" data-element_type=\"widget\" data-e-type=\"widget\" data-widget_type=\"heading.default\">\n\t\t\t\t\t<h4 class=\"elementor-heading-title elementor-size-default\">KIt Gratuito<\/h4>\t\t\t\t<\/div>\n\t\t\t\t<div class=\"elementor-element elementor-element-3358a9da elementor-widget elementor-widget-heading\" data-id=\"3358a9da\" data-element_type=\"widget\" data-e-type=\"widget\" data-widget_type=\"heading.default\">\n\t\t\t\t\t<h1 class=\"elementor-heading-title elementor-size-default\">Kit de peti\u00e7\u00f5es banc\u00e1rio<\/h1>\t\t\t\t<\/div>\n\t\t\t\t\t<\/div>\n\t\t\t\t<\/div>\n\t\t<div class=\"elementor-element elementor-element-209da970 c-box pad-b-6 e-flex e-con-boxed e-con e-parent\" data-id=\"209da970\" data-element_type=\"container\" data-e-type=\"container\" data-settings=\"{&quot;background_background&quot;:&quot;classic&quot;}\">\n\t\t\t\t\t<div class=\"e-con-inner\">\n\t\t<div class=\"elementor-element elementor-element-1c228a17 e-con-full e-flex e-con e-child\" data-id=\"1c228a17\" data-element_type=\"container\" data-e-type=\"container\">\n\t\t\t\t<div class=\"elementor-element elementor-element-54f5e14c elementor-widget elementor-widget-image\" data-id=\"54f5e14c\" data-element_type=\"widget\" data-e-type=\"widget\" data-widget_type=\"image.default\">\n\t\t\t\t\t\t\t\t\t\t\t\t\t\t\t<img fetchpriority=\"high\" decoding=\"async\" width=\"800\" height=\"420\" src=\"https:\/\/easyjur.com\/blog\/wp-content\/uploads\/2024\/07\/bancario-1.webp\" class=\"attachment-large size-large wp-image-3088806\" alt=\"banc\u00e1rio\" srcset=\"https:\/\/easyjur.com\/blog\/wp-content\/uploads\/2024\/07\/bancario-1.webp 1200w, https:\/\/easyjur.com\/blog\/wp-content\/uploads\/2024\/07\/bancario-1-300x158.webp 300w, https:\/\/easyjur.com\/blog\/wp-content\/uploads\/2024\/07\/bancario-1-768x403.webp 768w\" sizes=\"(max-width: 800px) 100vw, 800px\" \/>\t\t\t\t\t\t\t\t\t\t\t\t\t\t\t<\/div>\n\t\t\t\t<div class=\"elementor-element elementor-element-4f4464b1 elementor-widget elementor-widget-heading\" data-id=\"4f4464b1\" data-element_type=\"widget\" data-e-type=\"widget\" data-widget_type=\"heading.default\">\n\t\t\t\t\t<h2 class=\"elementor-heading-title elementor-size-default\">Fa\u00e7a o download gratuito do kit e tenha acesso a documentos essenciais para a advocacia bancaria!\n<\/h2>\t\t\t\t<\/div>\n\t\t\t\t<div class=\"elementor-element elementor-element-391c08c5 elementor-widget-divider--view-line elementor-widget elementor-widget-divider\" data-id=\"391c08c5\" data-element_type=\"widget\" data-e-type=\"widget\" data-widget_type=\"divider.default\">\n\t\t\t\t\t\t\t<div class=\"elementor-divider\">\n\t\t\t<span class=\"elementor-divider-separator\">\n\t\t\t\t\t\t<\/span>\n\t\t<\/div>\n\t\t\t\t\t\t<\/div>\n\t\t\t\t<div class=\"elementor-element elementor-element-71fb132c elementor-widget elementor-widget-text-editor\" data-id=\"71fb132c\" data-element_type=\"widget\" data-e-type=\"widget\" data-widget_type=\"text-editor.default\">\n\t\t\t\t\t\t\t\t\t<p>Na densa \u00e1rea do direito banc\u00e1rio, preparar peti\u00e7\u00f5es bem fundamentadas \u00e9 crucial para o sucesso do seu processo. <br><br>Nosso Kit Essencial para A\u00e7\u00f5es Banc\u00e1rias entrega modelos prontos para uso, projetados para atender \u00e0s necessidades espec\u00edficas dos processos banc\u00e1rios. Esse kit agiliza a elabora\u00e7\u00e3o de documentos e garante uma representa\u00e7\u00e3o eficaz em disputas financeiras e quest\u00f5es regulat\u00f3rias.<\/p>\t\t\t\t\t\t\t\t<\/div>\n\t\t\t\t<\/div>\n\t\t<div class=\"elementor-element elementor-element-103f924c e-con-full e-flex e-con e-child\" data-id=\"103f924c\" data-element_type=\"container\" data-e-type=\"container\">\n\t\t\t\t<div class=\"elementor-element elementor-element-6bb2ee9e elementor-widget elementor-widget-heading\" data-id=\"6bb2ee9e\" data-element_type=\"widget\" data-e-type=\"widget\" data-widget_type=\"heading.default\">\n\t\t\t\t\t<h4 class=\"elementor-heading-title elementor-size-default\">Preencha o formul\u00e1rio para fazer o download do kit gratuitamente<\/h4>\t\t\t\t<\/div>\n\t\t<div class=\"elementor-element elementor-element-334a2913 e-flex e-con-boxed e-con e-child\" data-id=\"334a2913\" data-element_type=\"container\" data-e-type=\"container\" data-settings=\"{&quot;background_background&quot;:&quot;classic&quot;}\">\n\t\t\t\t\t<div class=\"e-con-inner\">\n\t\t\t\t<div class=\"elementor-element elementor-element-2d186805 elementor-widget elementor-widget-hubspot-form\" data-id=\"2d186805\" data-element_type=\"widget\" data-e-type=\"widget\" data-widget_type=\"hubspot-form.default\">\n\t\t\t\t<div class=\"elementor-widget-container\">\n\t\t\t\t\t\n\t\t\t\t\t\t<script>\n\t\t\t\t\t\t\twindow.hsFormsOnReady = window.hsFormsOnReady || [];\n\t\t\t\t\t\t\twindow.hsFormsOnReady.push(()=>{\n\t\t\t\t\t\t\t\thbspt.forms.create({\n\t\t\t\t\t\t\t\t\tportalId: 44225969,\n\t\t\t\t\t\t\t\t\tformId: \"046009ad-7807-4d13-aef4-e282871033c8\",\n\t\t\t\t\t\t\t\t\ttarget: \"#hbspt-form-1778624318000-0241002102\",\n\t\t\t\t\t\t\t\t\tregion: \"na1\",\n\t\t\t\t\t\t\t\t\t\n\t\t\t\t\t\t\t})});\n\t\t\t\t\t\t<\/script>\n\t\t\t\t\t\t<div class=\"hbspt-form\" id=\"hbspt-form-1778624318000-0241002102\"><\/div>\t\t\t\t<\/div>\n\t\t\t\t<\/div>\n\t\t\t\t\t<\/div>\n\t\t\t\t<\/div>\n\t\t\t\t<\/div>\n\t\t\t\t\t<\/div>\n\t\t\t\t<\/div>\n\t\t\t\t<\/div>\n\t\t","protected":false},"excerpt":{"rendered":"<p>KIt Gratuito Kit de peti\u00e7\u00f5es banc\u00e1rio Fa\u00e7a o download gratuito do kit e tenha acesso a documentos essenciais para a advocacia bancaria! Na densa \u00e1rea do direito banc\u00e1rio, preparar peti\u00e7\u00f5es bem fundamentadas \u00e9 crucial para o sucesso do seu processo. Nosso Kit Essencial para A\u00e7\u00f5es Banc\u00e1rias entrega modelos prontos para uso, projetados para atender \u00e0s [&hellip;]<\/p>\n","protected":false},"author":35,"featured_media":0,"parent":0,"menu_order":0,"comment_status":"closed","ping_status":"closed","template":"","meta":{"content-type":"","footnotes":""},"class_list":["post-3088801","page","type-page","status-publish","hentry"],"_links":{"self":[{"href":"https:\/\/easyjur.com\/blog\/wp-json\/wp\/v2\/pages\/3088801","targetHints":{"allow":["GET"]}}],"collection":[{"href":"https:\/\/easyjur.com\/blog\/wp-json\/wp\/v2\/pages"}],"about":[{"href":"https:\/\/easyjur.com\/blog\/wp-json\/wp\/v2\/types\/page"}],"author":[{"embeddable":true,"href":"https:\/\/easyjur.com\/blog\/wp-json\/wp\/v2\/users\/35"}],"replies":[{"embeddable":true,"href":"https:\/\/easyjur.com\/blog\/wp-json\/wp\/v2\/comments?post=3088801"}],"version-history":[{"count":0,"href":"https:\/\/easyjur.com\/blog\/wp-json\/wp\/v2\/pages\/3088801\/revisions"}],"wp:attachment":[{"href":"https:\/\/easyjur.com\/blog\/wp-json\/wp\/v2\/media?parent=3088801"}],"curies":[{"name":"wp","href":"https:\/\/api.w.org\/{rel}","templated":true}]}}