{"id":3088789,"date":"2024-07-30T23:24:24","date_gmt":"2024-07-31T02:24:24","guid":{"rendered":"https:\/\/easyjur.com\/blog\/?page_id=3088789"},"modified":"2024-07-30T23:29:52","modified_gmt":"2024-07-31T02:29:52","slug":"kit-de-peticoes-ambiental","status":"publish","type":"page","link":"https:\/\/easyjur.com\/blog\/kit-de-peticoes-ambiental\/","title":{"rendered":"Kit de peti\u00e7\u00f5es ambiental"},"content":{"rendered":"\t\t<div data-elementor-type=\"wp-page\" data-elementor-id=\"3088789\" class=\"elementor elementor-3088789\" data-elementor-post-type=\"page\">\n\t\t\t\t<div class=\"elementor-element elementor-element-7131f132 c-box pad-t-3 pad-b-8 e-flex e-con-boxed e-con e-parent\" data-id=\"7131f132\" data-element_type=\"container\" data-e-type=\"container\" data-settings=\"{&quot;background_background&quot;:&quot;classic&quot;}\">\n\t\t\t\t\t<div class=\"e-con-inner\">\n\t\t\t\t<div class=\"elementor-element elementor-element-108945f5 elementor-widget elementor-widget-heading\" data-id=\"108945f5\" data-element_type=\"widget\" data-e-type=\"widget\" data-widget_type=\"heading.default\">\n\t\t\t\t\t<h4 class=\"elementor-heading-title elementor-size-default\">KIt Gratuito<\/h4>\t\t\t\t<\/div>\n\t\t\t\t<div class=\"elementor-element elementor-element-7253b653 elementor-widget elementor-widget-heading\" data-id=\"7253b653\" data-element_type=\"widget\" data-e-type=\"widget\" data-widget_type=\"heading.default\">\n\t\t\t\t\t<h1 class=\"elementor-heading-title elementor-size-default\">Kit de peti\u00e7\u00f5es ambiental<\/h1>\t\t\t\t<\/div>\n\t\t\t\t\t<\/div>\n\t\t\t\t<\/div>\n\t\t<div class=\"elementor-element elementor-element-40f4260 c-box pad-b-6 e-flex e-con-boxed e-con e-parent\" data-id=\"40f4260\" data-element_type=\"container\" data-e-type=\"container\" data-settings=\"{&quot;background_background&quot;:&quot;classic&quot;}\">\n\t\t\t\t\t<div class=\"e-con-inner\">\n\t\t<div class=\"elementor-element elementor-element-6c1c206a e-con-full e-flex e-con e-child\" data-id=\"6c1c206a\" data-element_type=\"container\" data-e-type=\"container\">\n\t\t\t\t<div class=\"elementor-element elementor-element-4f038f5d elementor-widget elementor-widget-image\" data-id=\"4f038f5d\" data-element_type=\"widget\" data-e-type=\"widget\" data-widget_type=\"image.default\">\n\t\t\t\t\t\t\t\t\t\t\t\t\t\t\t<img fetchpriority=\"high\" decoding=\"async\" width=\"800\" height=\"420\" src=\"https:\/\/easyjur.com\/blog\/wp-content\/uploads\/2024\/07\/ambiental-1.webp\" class=\"attachment-large size-large wp-image-3088794\" alt=\"ambiental\" srcset=\"https:\/\/easyjur.com\/blog\/wp-content\/uploads\/2024\/07\/ambiental-1.webp 1200w, https:\/\/easyjur.com\/blog\/wp-content\/uploads\/2024\/07\/ambiental-1-300x158.webp 300w, https:\/\/easyjur.com\/blog\/wp-content\/uploads\/2024\/07\/ambiental-1-768x403.webp 768w\" sizes=\"(max-width: 800px) 100vw, 800px\" \/>\t\t\t\t\t\t\t\t\t\t\t\t\t\t\t<\/div>\n\t\t\t\t<div class=\"elementor-element elementor-element-8401496 elementor-widget elementor-widget-heading\" data-id=\"8401496\" data-element_type=\"widget\" data-e-type=\"widget\" data-widget_type=\"heading.default\">\n\t\t\t\t\t<h2 class=\"elementor-heading-title elementor-size-default\">Fa\u00e7a o download gratuito do kit e tenha acesso a documentos essenciais para a advocacia ambiental!\n<\/h2>\t\t\t\t<\/div>\n\t\t\t\t<div class=\"elementor-element elementor-element-46d410f3 elementor-widget-divider--view-line elementor-widget elementor-widget-divider\" data-id=\"46d410f3\" data-element_type=\"widget\" data-e-type=\"widget\" data-widget_type=\"divider.default\">\n\t\t\t\t\t\t\t<div class=\"elementor-divider\">\n\t\t\t<span class=\"elementor-divider-separator\">\n\t\t\t\t\t\t<\/span>\n\t\t<\/div>\n\t\t\t\t\t\t<\/div>\n\t\t\t\t<div class=\"elementor-element elementor-element-452b273d elementor-widget elementor-widget-text-editor\" data-id=\"452b273d\" data-element_type=\"widget\" data-e-type=\"widget\" data-widget_type=\"text-editor.default\">\n\t\t\t\t\t\t\t\t\t<p>Atuar no ramo ambiental pode ser um desafio imenso, e agora voc\u00ea encontrou um bra\u00e7o para te ajudar a preparar suas pe\u00e7as iniciais em seus casos. <br><br>Desenvolvemos, com a ajuda de especialistas, um kit com modelos de peti\u00e7\u00f5es para a\u00e7\u00f5es na \u00e1rea ambiental, cobrindo uma vasta \u00e1rea de possibilidades de casos esse kit vai agilizar a sua produ\u00e7\u00e3o, e entregar um atendimento de qualidade para seu cliente.<\/p>\t\t\t\t\t\t\t\t<\/div>\n\t\t\t\t<\/div>\n\t\t<div class=\"elementor-element elementor-element-6b5be6e2 e-con-full e-flex e-con e-child\" data-id=\"6b5be6e2\" data-element_type=\"container\" data-e-type=\"container\">\n\t\t\t\t<div class=\"elementor-element elementor-element-ff15b0e elementor-widget elementor-widget-heading\" data-id=\"ff15b0e\" data-element_type=\"widget\" data-e-type=\"widget\" data-widget_type=\"heading.default\">\n\t\t\t\t\t<h4 class=\"elementor-heading-title elementor-size-default\">Preencha o formul\u00e1rio para fazer o download do kit gratuitamente<\/h4>\t\t\t\t<\/div>\n\t\t<div class=\"elementor-element elementor-element-1ac36c90 e-flex e-con-boxed e-con e-child\" data-id=\"1ac36c90\" data-element_type=\"container\" data-e-type=\"container\" data-settings=\"{&quot;background_background&quot;:&quot;classic&quot;}\">\n\t\t\t\t\t<div class=\"e-con-inner\">\n\t\t\t\t<div class=\"elementor-element elementor-element-39448f92 elementor-widget elementor-widget-hubspot-form\" data-id=\"39448f92\" data-element_type=\"widget\" data-e-type=\"widget\" data-widget_type=\"hubspot-form.default\">\n\t\t\t\t<div class=\"elementor-widget-container\">\n\t\t\t\t\t\n\t\t\t\t\t\t<script>\n\t\t\t\t\t\t\twindow.hsFormsOnReady = window.hsFormsOnReady || [];\n\t\t\t\t\t\t\twindow.hsFormsOnReady.push(()=>{\n\t\t\t\t\t\t\t\thbspt.forms.create({\n\t\t\t\t\t\t\t\t\tportalId: 44225969,\n\t\t\t\t\t\t\t\t\tformId: \"c8236d2c-4ef4-4108-b5d0-ea9b2f2e4c6c\",\n\t\t\t\t\t\t\t\t\ttarget: \"#hbspt-form-1778706482000-9650474168\",\n\t\t\t\t\t\t\t\t\tregion: \"na1\",\n\t\t\t\t\t\t\t\t\t\n\t\t\t\t\t\t\t})});\n\t\t\t\t\t\t<\/script>\n\t\t\t\t\t\t<div class=\"hbspt-form\" id=\"hbspt-form-1778706482000-9650474168\"><\/div>\t\t\t\t<\/div>\n\t\t\t\t<\/div>\n\t\t\t\t\t<\/div>\n\t\t\t\t<\/div>\n\t\t\t\t<\/div>\n\t\t\t\t\t<\/div>\n\t\t\t\t<\/div>\n\t\t\t\t<\/div>\n\t\t","protected":false},"excerpt":{"rendered":"<p>KIt Gratuito Kit de peti\u00e7\u00f5es ambiental Fa\u00e7a o download gratuito do kit e tenha acesso a documentos essenciais para a advocacia ambiental! Atuar no ramo ambiental pode ser um desafio imenso, e agora voc\u00ea encontrou um bra\u00e7o para te ajudar a preparar suas pe\u00e7as iniciais em seus casos. Desenvolvemos, com a ajuda de especialistas, um [&hellip;]<\/p>\n","protected":false},"author":35,"featured_media":0,"parent":0,"menu_order":0,"comment_status":"closed","ping_status":"closed","template":"","meta":{"content-type":"","footnotes":""},"class_list":["post-3088789","page","type-page","status-publish","hentry"],"_links":{"self":[{"href":"https:\/\/easyjur.com\/blog\/wp-json\/wp\/v2\/pages\/3088789","targetHints":{"allow":["GET"]}}],"collection":[{"href":"https:\/\/easyjur.com\/blog\/wp-json\/wp\/v2\/pages"}],"about":[{"href":"https:\/\/easyjur.com\/blog\/wp-json\/wp\/v2\/types\/page"}],"author":[{"embeddable":true,"href":"https:\/\/easyjur.com\/blog\/wp-json\/wp\/v2\/users\/35"}],"replies":[{"embeddable":true,"href":"https:\/\/easyjur.com\/blog\/wp-json\/wp\/v2\/comments?post=3088789"}],"version-history":[{"count":0,"href":"https:\/\/easyjur.com\/blog\/wp-json\/wp\/v2\/pages\/3088789\/revisions"}],"wp:attachment":[{"href":"https:\/\/easyjur.com\/blog\/wp-json\/wp\/v2\/media?parent=3088789"}],"curies":[{"name":"wp","href":"https:\/\/api.w.org\/{rel}","templated":true}]}}