{"id":3088780,"date":"2024-07-30T23:16:31","date_gmt":"2024-07-31T02:16:31","guid":{"rendered":"https:\/\/easyjur.com\/blog\/?page_id=3088780"},"modified":"2024-07-30T23:32:55","modified_gmt":"2024-07-31T02:32:55","slug":"kit-modelos-de-peticao-administrativos","status":"publish","type":"page","link":"https:\/\/easyjur.com\/blog\/kit-modelos-de-peticao-administrativos\/","title":{"rendered":"Kit modelos de peti\u00e7\u00e3o administrativos"},"content":{"rendered":"\t\t<div data-elementor-type=\"wp-page\" data-elementor-id=\"3088780\" class=\"elementor elementor-3088780\" data-elementor-post-type=\"page\">\n\t\t\t\t<div class=\"elementor-element elementor-element-55579379 c-box pad-t-3 pad-b-8 e-flex e-con-boxed e-con e-parent\" data-id=\"55579379\" data-element_type=\"container\" data-e-type=\"container\" data-settings=\"{&quot;background_background&quot;:&quot;classic&quot;}\">\n\t\t\t\t\t<div class=\"e-con-inner\">\n\t\t\t\t<div class=\"elementor-element elementor-element-1e1a4a88 elementor-widget elementor-widget-heading\" data-id=\"1e1a4a88\" data-element_type=\"widget\" data-e-type=\"widget\" data-widget_type=\"heading.default\">\n\t\t\t\t\t<h4 class=\"elementor-heading-title elementor-size-default\">KIt Gratuito<\/h4>\t\t\t\t<\/div>\n\t\t\t\t<div class=\"elementor-element elementor-element-63d8ed8b elementor-widget elementor-widget-heading\" data-id=\"63d8ed8b\" data-element_type=\"widget\" data-e-type=\"widget\" data-widget_type=\"heading.default\">\n\t\t\t\t\t<h1 class=\"elementor-heading-title elementor-size-default\">Kit de peti\u00e7\u00f5es administrativo<\/h1>\t\t\t\t<\/div>\n\t\t\t\t\t<\/div>\n\t\t\t\t<\/div>\n\t\t<div class=\"elementor-element elementor-element-59e3c440 c-box pad-b-6 e-flex e-con-boxed e-con e-parent\" data-id=\"59e3c440\" data-element_type=\"container\" data-e-type=\"container\" data-settings=\"{&quot;background_background&quot;:&quot;classic&quot;}\">\n\t\t\t\t\t<div class=\"e-con-inner\">\n\t\t<div class=\"elementor-element elementor-element-5001a575 e-con-full e-flex e-con e-child\" data-id=\"5001a575\" data-element_type=\"container\" data-e-type=\"container\">\n\t\t\t\t<div class=\"elementor-element elementor-element-1c9923b5 elementor-widget elementor-widget-image\" data-id=\"1c9923b5\" data-element_type=\"widget\" data-e-type=\"widget\" data-widget_type=\"image.default\">\n\t\t\t\t\t\t\t\t\t\t\t\t\t\t\t<img fetchpriority=\"high\" decoding=\"async\" width=\"800\" height=\"420\" src=\"https:\/\/easyjur.com\/blog\/wp-content\/uploads\/2024\/07\/administrativo-1.webp\" class=\"attachment-large size-large wp-image-3088785\" alt=\"administrativo\" srcset=\"https:\/\/easyjur.com\/blog\/wp-content\/uploads\/2024\/07\/administrativo-1.webp 1200w, https:\/\/easyjur.com\/blog\/wp-content\/uploads\/2024\/07\/administrativo-1-300x158.webp 300w, https:\/\/easyjur.com\/blog\/wp-content\/uploads\/2024\/07\/administrativo-1-768x403.webp 768w\" sizes=\"(max-width: 800px) 100vw, 800px\" \/>\t\t\t\t\t\t\t\t\t\t\t\t\t\t\t<\/div>\n\t\t\t\t<div class=\"elementor-element elementor-element-70b6e98f elementor-widget elementor-widget-heading\" data-id=\"70b6e98f\" data-element_type=\"widget\" data-e-type=\"widget\" data-widget_type=\"heading.default\">\n\t\t\t\t\t<h2 class=\"elementor-heading-title elementor-size-default\">Fa\u00e7a o download gratuito do kit e tenha acesso a documentos essenciais para a advocacia administrativa!<\/h2>\t\t\t\t<\/div>\n\t\t\t\t<div class=\"elementor-element elementor-element-6237eef3 elementor-widget-divider--view-line elementor-widget elementor-widget-divider\" data-id=\"6237eef3\" data-element_type=\"widget\" data-e-type=\"widget\" data-widget_type=\"divider.default\">\n\t\t\t\t\t\t\t<div class=\"elementor-divider\">\n\t\t\t<span class=\"elementor-divider-separator\">\n\t\t\t\t\t\t<\/span>\n\t\t<\/div>\n\t\t\t\t\t\t<\/div>\n\t\t\t\t<div class=\"elementor-element elementor-element-3e01c8f elementor-widget elementor-widget-text-editor\" data-id=\"3e01c8f\" data-element_type=\"widget\" data-e-type=\"widget\" data-widget_type=\"text-editor.default\">\n\t\t\t\t\t\t\t\t\t<p>No direito administrativo in\u00fameros desafios surgem todos os dias, desafios que requerem mais do que apenas conhecimento espec\u00edfico da \u00e1rea, exigem ferramentas para potencializar cada pe\u00e7a que voc\u00ea produza. <br \/><br \/>Nosso Kit Essencial para A\u00e7\u00f5es Administrativas mune voc\u00ea de todo o preparo que voc\u00ea precisa para enfrentar esses desafios, com um suporte abrangente, para que voc\u00ea atue com efic\u00e1cia por quest\u00f5es como posse, contratos e lit\u00edgios administrativos.<\/p>\t\t\t\t\t\t\t\t<\/div>\n\t\t\t\t<\/div>\n\t\t<div class=\"elementor-element elementor-element-4bd75201 e-con-full e-flex e-con e-child\" data-id=\"4bd75201\" data-element_type=\"container\" data-e-type=\"container\">\n\t\t\t\t<div class=\"elementor-element elementor-element-329938bd elementor-widget elementor-widget-heading\" data-id=\"329938bd\" data-element_type=\"widget\" data-e-type=\"widget\" data-widget_type=\"heading.default\">\n\t\t\t\t\t<h4 class=\"elementor-heading-title elementor-size-default\">Preencha o formul\u00e1rio para fazer o download do kit gratuitamente<\/h4>\t\t\t\t<\/div>\n\t\t<div class=\"elementor-element elementor-element-26909f07 e-flex e-con-boxed e-con e-child\" data-id=\"26909f07\" data-element_type=\"container\" data-e-type=\"container\" data-settings=\"{&quot;background_background&quot;:&quot;classic&quot;}\">\n\t\t\t\t\t<div class=\"e-con-inner\">\n\t\t\t\t<div class=\"elementor-element elementor-element-1df8fe73 elementor-widget elementor-widget-hubspot-form\" data-id=\"1df8fe73\" data-element_type=\"widget\" data-e-type=\"widget\" data-widget_type=\"hubspot-form.default\">\n\t\t\t\t<div class=\"elementor-widget-container\">\n\t\t\t\t\t\n\t\t\t\t\t\t<script>\n\t\t\t\t\t\t\twindow.hsFormsOnReady = window.hsFormsOnReady || [];\n\t\t\t\t\t\t\twindow.hsFormsOnReady.push(()=>{\n\t\t\t\t\t\t\t\thbspt.forms.create({\n\t\t\t\t\t\t\t\t\tportalId: 44225969,\n\t\t\t\t\t\t\t\t\tformId: \"288bde41-f542-4ea7-8cb7-111c8b5616cd\",\n\t\t\t\t\t\t\t\t\ttarget: \"#hbspt-form-1776498457000-9439386633\",\n\t\t\t\t\t\t\t\t\tregion: \"na1\",\n\t\t\t\t\t\t\t\t\t\n\t\t\t\t\t\t\t})});\n\t\t\t\t\t\t<\/script>\n\t\t\t\t\t\t<div class=\"hbspt-form\" id=\"hbspt-form-1776498457000-9439386633\"><\/div>\t\t\t\t<\/div>\n\t\t\t\t<\/div>\n\t\t\t\t\t<\/div>\n\t\t\t\t<\/div>\n\t\t\t\t<\/div>\n\t\t\t\t\t<\/div>\n\t\t\t\t<\/div>\n\t\t\t\t<\/div>\n\t\t","protected":false},"excerpt":{"rendered":"<p>KIt Gratuito Kit de peti\u00e7\u00f5es administrativo Fa\u00e7a o download gratuito do kit e tenha acesso a documentos essenciais para a advocacia administrativa! No direito administrativo in\u00fameros desafios surgem todos os dias, desafios que requerem mais do que apenas conhecimento espec\u00edfico da \u00e1rea, exigem ferramentas para potencializar cada pe\u00e7a que voc\u00ea produza. Nosso Kit Essencial para [&hellip;]<\/p>\n","protected":false},"author":35,"featured_media":0,"parent":0,"menu_order":0,"comment_status":"closed","ping_status":"closed","template":"","meta":{"content-type":"","footnotes":""},"class_list":["post-3088780","page","type-page","status-publish","hentry"],"_links":{"self":[{"href":"https:\/\/easyjur.com\/blog\/wp-json\/wp\/v2\/pages\/3088780","targetHints":{"allow":["GET"]}}],"collection":[{"href":"https:\/\/easyjur.com\/blog\/wp-json\/wp\/v2\/pages"}],"about":[{"href":"https:\/\/easyjur.com\/blog\/wp-json\/wp\/v2\/types\/page"}],"author":[{"embeddable":true,"href":"https:\/\/easyjur.com\/blog\/wp-json\/wp\/v2\/users\/35"}],"replies":[{"embeddable":true,"href":"https:\/\/easyjur.com\/blog\/wp-json\/wp\/v2\/comments?post=3088780"}],"version-history":[{"count":0,"href":"https:\/\/easyjur.com\/blog\/wp-json\/wp\/v2\/pages\/3088780\/revisions"}],"wp:attachment":[{"href":"https:\/\/easyjur.com\/blog\/wp-json\/wp\/v2\/media?parent=3088780"}],"curies":[{"name":"wp","href":"https:\/\/api.w.org\/{rel}","templated":true}]}}