{"id":3088726,"date":"2024-07-30T22:49:21","date_gmt":"2024-07-31T01:49:21","guid":{"rendered":"https:\/\/easyjur.com\/blog\/?page_id=3088726"},"modified":"2024-07-30T23:10:14","modified_gmt":"2024-07-31T02:10:14","slug":"kit-essencial","status":"publish","type":"page","link":"https:\/\/easyjur.com\/blog\/kit-essencial\/","title":{"rendered":"Kit essencial"},"content":{"rendered":"\t\t<div data-elementor-type=\"wp-page\" data-elementor-id=\"3088726\" class=\"elementor elementor-3088726\" data-elementor-post-type=\"page\">\n\t\t\t\t<div class=\"elementor-element elementor-element-41ea0783 c-box pad-t-3 pad-b-8 e-flex e-con-boxed e-con e-parent\" data-id=\"41ea0783\" data-element_type=\"container\" data-e-type=\"container\" data-settings=\"{&quot;background_background&quot;:&quot;classic&quot;}\">\n\t\t\t\t\t<div class=\"e-con-inner\">\n\t\t\t\t<div class=\"elementor-element elementor-element-3fe03b35 elementor-widget elementor-widget-heading\" data-id=\"3fe03b35\" data-element_type=\"widget\" data-e-type=\"widget\" data-widget_type=\"heading.default\">\n\t\t\t\t\t<h4 class=\"elementor-heading-title elementor-size-default\">KIt Gratuito<\/h4>\t\t\t\t<\/div>\n\t\t\t\t<div class=\"elementor-element elementor-element-36f0c692 elementor-widget elementor-widget-heading\" data-id=\"36f0c692\" data-element_type=\"widget\" data-e-type=\"widget\" data-widget_type=\"heading.default\">\n\t\t\t\t\t<h1 class=\"elementor-heading-title elementor-size-default\">Kit  de peti\u00e7\u00f5es essenciais<\/h1>\t\t\t\t<\/div>\n\t\t\t\t\t<\/div>\n\t\t\t\t<\/div>\n\t\t<div class=\"elementor-element elementor-element-5b49490f c-box pad-b-6 e-flex e-con-boxed e-con e-parent\" data-id=\"5b49490f\" data-element_type=\"container\" data-e-type=\"container\" data-settings=\"{&quot;background_background&quot;:&quot;classic&quot;}\">\n\t\t\t\t\t<div class=\"e-con-inner\">\n\t\t<div class=\"elementor-element elementor-element-182a2207 e-con-full e-flex e-con e-child\" data-id=\"182a2207\" data-element_type=\"container\" data-e-type=\"container\">\n\t\t\t\t<div class=\"elementor-element elementor-element-685e7601 elementor-widget elementor-widget-image\" data-id=\"685e7601\" data-element_type=\"widget\" data-e-type=\"widget\" data-widget_type=\"image.default\">\n\t\t\t\t\t\t\t\t\t\t\t\t\t\t\t<img fetchpriority=\"high\" decoding=\"async\" width=\"800\" height=\"420\" src=\"https:\/\/easyjur.com\/blog\/wp-content\/uploads\/2024\/07\/essenciais-1.webp\" class=\"attachment-large size-large wp-image-3088734\" alt=\"essenciais\" srcset=\"https:\/\/easyjur.com\/blog\/wp-content\/uploads\/2024\/07\/essenciais-1.webp 1200w, https:\/\/easyjur.com\/blog\/wp-content\/uploads\/2024\/07\/essenciais-1-300x158.webp 300w, https:\/\/easyjur.com\/blog\/wp-content\/uploads\/2024\/07\/essenciais-1-768x403.webp 768w\" sizes=\"(max-width: 800px) 100vw, 800px\" \/>\t\t\t\t\t\t\t\t\t\t\t\t\t\t\t<\/div>\n\t\t\t\t<div class=\"elementor-element elementor-element-7cb5105a elementor-widget elementor-widget-heading\" data-id=\"7cb5105a\" data-element_type=\"widget\" data-e-type=\"widget\" data-widget_type=\"heading.default\">\n\t\t\t\t\t<h2 class=\"elementor-heading-title elementor-size-default\">Fa\u00e7a o download gratuito do kit e tenha acesso a documentos essenciais para a advocacia!<\/h2>\t\t\t\t<\/div>\n\t\t\t\t<div class=\"elementor-element elementor-element-5822c936 elementor-widget-divider--view-line elementor-widget elementor-widget-divider\" data-id=\"5822c936\" data-element_type=\"widget\" data-e-type=\"widget\" data-widget_type=\"divider.default\">\n\t\t\t\t\t\t\t<div class=\"elementor-divider\">\n\t\t\t<span class=\"elementor-divider-separator\">\n\t\t\t\t\t\t<\/span>\n\t\t<\/div>\n\t\t\t\t\t\t<\/div>\n\t\t\t\t<div class=\"elementor-element elementor-element-31d2310a elementor-widget elementor-widget-text-editor\" data-id=\"31d2310a\" data-element_type=\"widget\" data-e-type=\"widget\" data-widget_type=\"text-editor.default\">\n\t\t\t\t\t\t\t\t\t<p>Voc\u00ea, advogado, sabe o quanto uma peti\u00e7\u00e3o bem elaborada pode fazer a diferen\u00e7a em um processo. Por isso, oferecemos o Kit de Peti\u00e7\u00f5es Essenciais, com mais de 20 modelos prontos para agilizar seu trabalho e garantir resultados de excel\u00eancia, al\u00e9m de documentos essenciais como o Modelo de Contrato de Honor\u00e1rios e o Modelo de Procura\u00e7\u00e3o.<\/p>\t\t\t\t\t\t\t\t<\/div>\n\t\t\t\t<\/div>\n\t\t<div class=\"elementor-element elementor-element-1052c010 e-con-full e-flex e-con e-child\" data-id=\"1052c010\" data-element_type=\"container\" data-e-type=\"container\">\n\t\t\t\t<div class=\"elementor-element elementor-element-2145b922 elementor-widget elementor-widget-heading\" data-id=\"2145b922\" data-element_type=\"widget\" data-e-type=\"widget\" data-widget_type=\"heading.default\">\n\t\t\t\t\t<h4 class=\"elementor-heading-title elementor-size-default\">Preencha o formul\u00e1rio para fazer o download do kit gratuitamente<\/h4>\t\t\t\t<\/div>\n\t\t<div class=\"elementor-element elementor-element-7690d9b8 e-flex e-con-boxed e-con e-child\" data-id=\"7690d9b8\" data-element_type=\"container\" data-e-type=\"container\" data-settings=\"{&quot;background_background&quot;:&quot;classic&quot;}\">\n\t\t\t\t\t<div class=\"e-con-inner\">\n\t\t\t\t<div class=\"elementor-element elementor-element-1f17e78f elementor-widget elementor-widget-hubspot-form\" data-id=\"1f17e78f\" data-element_type=\"widget\" data-e-type=\"widget\" data-widget_type=\"hubspot-form.default\">\n\t\t\t\t<div class=\"elementor-widget-container\">\n\t\t\t\t\t\n\t\t\t\t\t\t<script>\n\t\t\t\t\t\t\twindow.hsFormsOnReady = window.hsFormsOnReady || [];\n\t\t\t\t\t\t\twindow.hsFormsOnReady.push(()=>{\n\t\t\t\t\t\t\t\thbspt.forms.create({\n\t\t\t\t\t\t\t\t\tportalId: 44225969,\n\t\t\t\t\t\t\t\t\tformId: \"ec38d24e-b5ba-4a0d-9314-5963e60b7440\",\n\t\t\t\t\t\t\t\t\ttarget: \"#hbspt-form-1776281196000-2745817070\",\n\t\t\t\t\t\t\t\t\tregion: \"na1\",\n\t\t\t\t\t\t\t\t\t\n\t\t\t\t\t\t\t})});\n\t\t\t\t\t\t<\/script>\n\t\t\t\t\t\t<div class=\"hbspt-form\" id=\"hbspt-form-1776281196000-2745817070\"><\/div>\t\t\t\t<\/div>\n\t\t\t\t<\/div>\n\t\t\t\t\t<\/div>\n\t\t\t\t<\/div>\n\t\t\t\t<\/div>\n\t\t\t\t\t<\/div>\n\t\t\t\t<\/div>\n\t\t\t\t<\/div>\n\t\t","protected":false},"excerpt":{"rendered":"<p>KIt Gratuito Kit de peti\u00e7\u00f5es essenciais Fa\u00e7a o download gratuito do kit e tenha acesso a documentos essenciais para a advocacia! Voc\u00ea, advogado, sabe o quanto uma peti\u00e7\u00e3o bem elaborada pode fazer a diferen\u00e7a em um processo. Por isso, oferecemos o Kit de Peti\u00e7\u00f5es Essenciais, com mais de 20 modelos prontos para agilizar seu trabalho [&hellip;]<\/p>\n","protected":false},"author":35,"featured_media":0,"parent":0,"menu_order":0,"comment_status":"closed","ping_status":"closed","template":"","meta":{"content-type":"","footnotes":""},"class_list":["post-3088726","page","type-page","status-publish","hentry"],"_links":{"self":[{"href":"https:\/\/easyjur.com\/blog\/wp-json\/wp\/v2\/pages\/3088726","targetHints":{"allow":["GET"]}}],"collection":[{"href":"https:\/\/easyjur.com\/blog\/wp-json\/wp\/v2\/pages"}],"about":[{"href":"https:\/\/easyjur.com\/blog\/wp-json\/wp\/v2\/types\/page"}],"author":[{"embeddable":true,"href":"https:\/\/easyjur.com\/blog\/wp-json\/wp\/v2\/users\/35"}],"replies":[{"embeddable":true,"href":"https:\/\/easyjur.com\/blog\/wp-json\/wp\/v2\/comments?post=3088726"}],"version-history":[{"count":0,"href":"https:\/\/easyjur.com\/blog\/wp-json\/wp\/v2\/pages\/3088726\/revisions"}],"wp:attachment":[{"href":"https:\/\/easyjur.com\/blog\/wp-json\/wp\/v2\/media?parent=3088726"}],"curies":[{"name":"wp","href":"https:\/\/api.w.org\/{rel}","templated":true}]}}