{"id":2989792,"date":"2024-04-29T15:11:32","date_gmt":"2024-04-29T18:11:32","guid":{"rendered":"https:\/\/easyjur.com\/blog\/?page_id=2989792"},"modified":"2026-01-29T08:59:33","modified_gmt":"2026-01-29T11:59:33","slug":"obrigado-2-modelo-de-peticao-teste-gratis","status":"publish","type":"page","link":"https:\/\/easyjur.com\/blog\/obrigado-2-modelo-de-peticao-teste-gratis\/","title":{"rendered":"Obrigado 2 Modelo de Peti\u00e7\u00e3o Teste Gr\u00e1tis"},"content":{"rendered":"\t\t<div data-elementor-type=\"wp-page\" data-elementor-id=\"2989792\" class=\"elementor elementor-2989792\" data-elementor-post-type=\"page\">\n\t\t\t\t<div class=\"elementor-element elementor-element-d3d4580 e-flex e-con-boxed e-con e-parent\" data-id=\"d3d4580\" data-element_type=\"container\" data-e-type=\"container\">\n\t\t\t\t\t<div class=\"e-con-inner\">\n\t\t\t\t<div class=\"elementor-element elementor-element-6d429ae elementor-widget elementor-widget-shortcode\" data-id=\"6d429ae\" data-element_type=\"widget\" data-e-type=\"widget\" data-widget_type=\"shortcode.default\">\n\t\t\t\t\t\t\t<div class=\"elementor-shortcode\">\t\t<div data-elementor-type=\"section\" data-elementor-id=\"47371\" class=\"elementor elementor-47371\" data-elementor-post-type=\"elementor_library\">\n\t\t\t<div class=\"elementor-element elementor-element-90e3535 e-flex e-con-boxed e-con e-parent\" data-id=\"90e3535\" data-element_type=\"container\" data-e-type=\"container\">\n\t\t\t\t\t<div class=\"e-con-inner\">\n\t\t\t\t<div class=\"elementor-element elementor-element-1894ac6 elementor-hidden-widescreen elementor-hidden-desktop elementor-hidden-laptop elementor-hidden-tablet_extra elementor-hidden-tablet elementor-hidden-mobile_extra elementor-hidden-mobile elementor-widget elementor-widget-html\" data-id=\"1894ac6\" data-element_type=\"widget\" data-e-type=\"widget\" data-widget_type=\"html.default\">\n\t\t\t\t\t<style>\r\n    .whatsapp {\r\n  position: fixed;\r\n  bottom: 50px;\r\n  right: 50px;\r\n  z-index:9;\r\n}\r\n\r\n.whatsapp a{\r\n  background: #16D94C;\r\n  color: #fff;\r\n  padding: 28px 18px 12px 18px;\r\n  border-radius: 50%;\r\n  font-size: 30px;\r\n  animation: pulse 2s infinite !important;\r\n  border: none;\r\n  box-shadow:auto;\r\n}\r\n\r\n.whatsapp img {\r\n    width: 40px;\r\n}\r\n\r\n@keyframes pulse {\r\n\t0% {\r\n\t\ttransform: scale(1);\r\n\t\tbox-shadow: 0 0 0 0 rgba(22, 217, 76, 0.7);\r\n\t}\r\n\r\n\t70% {\r\n\t\ttransform: scale(0.95);\r\n\t\tbox-shadow: 0 0 0 25px rgba(22, 217, 76, 0);\r\n\t}\r\n\r\n\t100% {\r\n\t\ttransform: scale(1);\r\n\t\tbox-shadow: 0 0 0 0 rgba(22, 217, 76, 0);\r\n\t}\r\n}\r\n<\/style>\r\n<div class=\"whatsapp\">\r\n        <a href=\"https:\/\/web.whatsapp.com\/send?phone=553497714809\" target=\"_blank\" rel=\"noopener\">\r\n          \r\n            <img decoding=\"async\" src=\"https:\/\/easyjur.com\/blog\/wp-content\/uploads\/2023\/09\/whatsapp-line.svg\">\r\n          \r\n        <\/a>\r\n      <\/div>\t\t\t\t<\/div>\n\t\t\t\t\t<\/div>\n\t\t\t\t<\/div>\n\t\t\t\t<\/div>\n\t\t<\/div>\n\t\t\t\t\t\t<\/div>\n\t\t\t\t\t<\/div>\n\t\t\t\t<\/div>\n\t\t<div class=\"elementor-element elementor-element-c635307 fundo-principal e-flex e-con-boxed e-con e-parent\" data-id=\"c635307\" data-element_type=\"container\" data-e-type=\"container\" data-settings=\"{&quot;background_background&quot;:&quot;classic&quot;}\">\n\t\t\t\t\t<div class=\"e-con-inner\">\n\t\t\t\t<div class=\"elementor-element elementor-element-de951a7 elementor-widget elementor-widget-heading\" data-id=\"de951a7\" data-element_type=\"widget\" data-e-type=\"widget\" data-widget_type=\"heading.default\">\n\t\t\t\t\t<p class=\"elementor-heading-title elementor-size-default\">OBRIGADO!<\/p>\t\t\t\t<\/div>\n\t\t\t\t<div class=\"elementor-element elementor-element-fa4ca43 elementor-widget elementor-widget-heading\" data-id=\"fa4ca43\" data-element_type=\"widget\" data-e-type=\"widget\" data-widget_type=\"heading.default\">\n\t\t\t\t\t<h2 class=\"elementor-heading-title elementor-size-default\">Um de nossos especialistas ir\u00e1 entrar em contato para ajud\u00e1-lo com o seu teste!<\/h2>\t\t\t\t<\/div>\n\t\t\t\t<div class=\"elementor-element elementor-element-79e0ca4 elementor-widget-divider--view-line_text elementor-widget__width-inherit elementor-widget-divider--element-align-center elementor-widget elementor-widget-divider\" data-id=\"79e0ca4\" data-element_type=\"widget\" data-e-type=\"widget\" data-widget_type=\"divider.default\">\n\t\t\t\t\t\t\t<div class=\"elementor-divider\">\n\t\t\t<span class=\"elementor-divider-separator\">\n\t\t\t\t\t\t\t<span class=\"elementor-divider__text elementor-divider__element\">\n\t\t\t\tOu\t\t\t\t<\/span>\n\t\t\t\t\t\t<\/span>\n\t\t<\/div>\n\t\t\t\t\t\t<\/div>\n\t\t\t\t<div class=\"elementor-element elementor-element-57d3ef3 elementor-widget__width-inherit elementor-widget elementor-widget-heading\" data-id=\"57d3ef3\" data-element_type=\"widget\" data-e-type=\"widget\" data-widget_type=\"heading.default\">\n\t\t\t\t\t<p class=\"elementor-heading-title elementor-size-default\">Deseja um contato mais r\u00e1pido? Nos chame no WhatsApp!<\/p>\t\t\t\t<\/div>\n\t\t\t\t<div class=\"elementor-element elementor-element-21b4e9c botao-primario elementor-align-center elementor-widget elementor-widget-button\" data-id=\"21b4e9c\" data-element_type=\"widget\" data-e-type=\"widget\" data-widget_type=\"button.default\">\n\t\t\t\t\t\t\t\t\t\t<a class=\"elementor-button elementor-button-link elementor-size-md\" href=\"https:\/\/wa.me\/553497714809?text=Ol%C3%A1%2C+vim+do+blog+e+me+inscrevi+para+testar+o+EasyJur.+Pode+liberar+meu+acesso%3F\" target=\"_blank\" rel=\"noopener\">\n\t\t\t\t\t\t<span class=\"elementor-button-content-wrapper\">\n\t\t\t\t\t\t<span class=\"elementor-button-icon\">\n\t\t\t\t<svg aria-hidden=\"true\" class=\"e-font-icon-svg e-fab-whatsapp\" viewBox=\"0 0 448 512\" xmlns=\"http:\/\/www.w3.org\/2000\/svg\"><path d=\"M380.9 97.1C339 55.1 283.2 32 223.9 32c-122.4 0-222 99.6-222 222 0 39.1 10.2 77.3 29.6 111L0 480l117.7-30.9c32.4 17.7 68.9 27 106.1 27h.1c122.3 0 224.1-99.6 224.1-222 0-59.3-25.2-115-67.1-157zm-157 341.6c-33.2 0-65.7-8.9-94-25.7l-6.7-4-69.8 18.3L72 359.2l-4.4-7c-18.5-29.4-28.2-63.3-28.2-98.2 0-101.7 82.8-184.5 184.6-184.5 49.3 0 95.6 19.2 130.4 54.1 34.8 34.9 56.2 81.2 56.1 130.5 0 101.8-84.9 184.6-186.6 184.6zm101.2-138.2c-5.5-2.8-32.8-16.2-37.9-18-5.1-1.9-8.8-2.8-12.5 2.8-3.7 5.6-14.3 18-17.6 21.8-3.2 3.7-6.5 4.2-12 1.4-32.6-16.3-54-29.1-75.5-66-5.7-9.8 5.7-9.1 16.3-30.3 1.8-3.7.9-6.9-.5-9.7-1.4-2.8-12.5-30.1-17.1-41.2-4.5-10.8-9.1-9.3-12.5-9.5-3.2-.2-6.9-.2-10.6-.2-3.7 0-9.7 1.4-14.8 6.9-5.1 5.6-19.4 19-19.4 46.3 0 27.3 19.9 53.7 22.6 57.4 2.8 3.7 39.1 59.7 94.8 83.8 35.2 15.2 49 16.5 66.6 13.9 10.7-1.6 32.8-13.4 37.4-26.4 4.6-13 4.6-24.1 3.2-26.4-1.3-2.5-5-3.9-10.5-6.6z\"><\/path><\/svg>\t\t\t<\/span>\n\t\t\t\t\t\t\t\t\t<span class=\"elementor-button-text\">Falar com um especialista agora<\/span>\n\t\t\t\t\t<\/span>\n\t\t\t\t\t<\/a>\n\t\t\t\t\t\t\t\t<\/div>\n\t\t\t\t\t<\/div>\n\t\t\t\t<\/div>\n\t\t\t\t<\/div>\n\t\t","protected":false},"excerpt":{"rendered":"<p>OBRIGADO! Um de nossos especialistas ir\u00e1 entrar em contato para ajud\u00e1-lo com o seu teste! Ou Deseja um contato mais r\u00e1pido? Nos chame no WhatsApp! Falar com um especialista agora<\/p>\n","protected":false},"author":23,"featured_media":0,"parent":0,"menu_order":0,"comment_status":"closed","ping_status":"closed","template":"","meta":{"content-type":"","footnotes":""},"class_list":["post-2989792","page","type-page","status-publish","hentry"],"_links":{"self":[{"href":"https:\/\/easyjur.com\/blog\/wp-json\/wp\/v2\/pages\/2989792","targetHints":{"allow":["GET"]}}],"collection":[{"href":"https:\/\/easyjur.com\/blog\/wp-json\/wp\/v2\/pages"}],"about":[{"href":"https:\/\/easyjur.com\/blog\/wp-json\/wp\/v2\/types\/page"}],"author":[{"embeddable":true,"href":"https:\/\/easyjur.com\/blog\/wp-json\/wp\/v2\/users\/23"}],"replies":[{"embeddable":true,"href":"https:\/\/easyjur.com\/blog\/wp-json\/wp\/v2\/comments?post=2989792"}],"version-history":[{"count":0,"href":"https:\/\/easyjur.com\/blog\/wp-json\/wp\/v2\/pages\/2989792\/revisions"}],"wp:attachment":[{"href":"https:\/\/easyjur.com\/blog\/wp-json\/wp\/v2\/media?parent=2989792"}],"curies":[{"name":"wp","href":"https:\/\/api.w.org\/{rel}","templated":true}]}}